{"id":5196,"date":"2020-07-31T16:37:25","date_gmt":"2020-07-31T14:37:25","guid":{"rendered":"https:\/\/www.liendelavigne.org\/home-vinelink-page-daccueil\/"},"modified":"2025-04-30T13:53:22","modified_gmt":"2025-04-30T11:53:22","slug":"home-vinelink-page-daccueil","status":"publish","type":"page","link":"https:\/\/www.liendelavigne.org\/en\/","title":{"rendered":"Home"},"content":{"rendered":"<p>[vc_row full_width=&#8221;stretch_row_content_no_spaces&#8221; full_height=&#8221;yes&#8221; el_id=&#8221;blk-banner&#8221;][vc_column]<div class=\"gt-banner-box gt-lazy-load\" data-bg=\"https:\/\/www.liendelavigne.org\/wp-content\/uploads\/2020\/12\/landing_image-unsplash-scaled.jpg\"><div class=\"gt-content\"><span class=\"primary\">Lien de la vigne<\/span><\/div><\/div>[\/vc_column][vc_column el_id=&#8221;logo-txt&#8221;][vc_row_inner][vc_column_inner][vc_column_text]<\/p>\n<div class=\"textMsg\">\n<p><img loading=\"lazy\" class=\"alignnone size-medium wp-image-5330\" src=\"https:\/\/www.liendelavigne.org\/wp-content\/uploads\/2025\/04\/illus-jean-pierre-184x300.jpg\" sizes=\"(max-width: 184px) 100vw, 184px\" srcset=\"https:\/\/www.liendelavigne.org\/wp-content\/uploads\/2025\/04\/illus-jean-pierre-184x300.jpg 184w, https:\/\/www.liendelavigne.org\/wp-content\/uploads\/2025\/04\/illus-jean-pierre-630x1024.jpg 630w, https:\/\/www.liendelavigne.org\/wp-content\/uploads\/2025\/04\/illus-jean-pierre-768x1249.jpg 768w, https:\/\/www.liendelavigne.org\/wp-content\/uploads\/2025\/04\/illus-jean-pierre-600x976.jpg 600w, https:\/\/www.liendelavigne.org\/wp-content\/uploads\/2025\/04\/illus-jean-pierre.jpg 900w\" alt=\"\" width=\"225\" height=\"\" \/>Tribute to Jean Pierre M\u00e9gnin, Founder and Soul of the Association Lien de la Vigne<\/p>\n<p>It is with deep sadness that we announce the passing of Jean Pierre M\u00e9gnin, a central and charismatic figure in the international winegrowing world, and founder of the Association Lien de la Vigne.<\/p>\n<p>Jean Pierre was much more than a wine enthusiast: he was a true pioneer of international vitivinicultural development, dedicating his life to spreading innovation throughout the entire sector, linking \u2013 like a vine \u2013 the world of production with that of scientific research. His global vision and tireless commitment significantly contributed to the growth and enhancement of the wine industry worldwide.<\/p>\n<p>At the helm of the Association Lien de la Vigne, he succeeded in creating a vibrant and innovative network of producers, researchers, and experts, united by the desire to share knowledge, expertise, and experience.<\/p>\n<p>His departure leaves a profound void, but also a valuable legacy that we will continue to honour with dedication and gratitude.<\/p>\n<p>The Association Lien de la Vigne extends its heartfelt support and affection to his family, especially his wife, and invites all those who shared dreams, projects, and visions with him to gather in remembrance of a man who brought the world together\u2026 through the vine and wine.<\/p>\n<\/div>\n<p>[\/vc_column_text][\/vc_column_inner][\/vc_row_inner][\/vc_column][vc_column el_id=&#8221;txt-info&#8221;][vc_column_text]<\/p>\n<p style=\"text-align: center;\"><em>&#8220;Life is like a bicycle, you have to keep moving forward so you don&#8217;t lose your balance.&#8221;<\/em><br \/>\nAlbert Einstein (1879-1955)<\/p>\n<p>[\/vc_column_text][\/vc_column][\/vc_row][vc_row full_width=&#8221;stretch_row_content_no_spaces&#8221; full_height=&#8221;yes&#8221; disable_element=&#8221;yes&#8221;][vc_column]<div class=\"gt-events-slider\" style=\"height:100vh;\"><div class=\"swiper-container gt-swiper-slider\" data-gt-item=\"1\" data-gt-item-space=\"0\" data-gt-loop=\"false\" data-gt-speed=\"1000\" data-gt-direction=\"horizontal\" data-gt-effect=\"slide\" data-gt-centered-slides=\"true\" data-gt-free-mode=\"true\"><div class=\"swiper-wrapper\"><div class=\"swiper-slide\"><div class=\"gt-slide-inner gt-lazy\" data-background=\"https:\/\/www.liendelavigne.org\/wp-content\/uploads\/2020\/08\/pexels-pixabay-51947-1920x1100.jpg\"><div class=\"container\"><div class=\"gt-content\"><div class=\"gt-title\">VINELINK ANNUAL DAYS<\/div><ul class=\"gt-information\"><\/ul><\/div><\/div><\/div><\/div><\/div><\/div><\/div>[\/vc_column][vc_column][vc_column_text]<\/p>\n<p style=\"text-align: center;\"><em>&#8220;Life is like a bicycle, you have to keep moving forward so you don&#8217;t lose your balance.&#8221;<\/em><br \/>\nAlbert Einstein (1879-1955)<\/p>\n<p>[\/vc_column_text][\/vc_column][\/vc_row][vc_row full_width=&#8221;stretch_row_content_no_spaces&#8221;][vc_column el_class=&#8221;blk-search&#8221;][vc_wp_search title=&#8221;Search&#8221; el_class=&#8221;search container&#8221;][\/vc_column][\/vc_row][vc_row full_width=&#8221;stretch_row&#8221; disable_element=&#8221;yes&#8221; el_id=&#8221;Schedule&#8221; css=&#8221;.vc_custom_1606397851167{background-color: #f9f9f9 !important;}&#8221;][vc_column][vc_empty_space height=&#8221;75px&#8221;]<div class=\"gt-heading gt-dark gt-size1 gt-align-center\"><div class=\"gt-title\">The <span>Program<\/span><\/div><\/div>[vc_empty_space height=&#8221;60&#8243;][vc_row_inner gap=&#8221;30&#8243; css=&#8221;.vc_custom_1543939386108{background-color: #ffffff !important;}&#8221;][vc_column_inner css=&#8221;.vc_custom_1543939485483{padding-top: 15px !important;padding-bottom: 15px !important;border-radius: 5px !important;}&#8221;]<div class=\"gt-get-event-content\"><div class=\"gt-event-schedule gt-style-1\"><ul class=\"gt-schedule-tabs nav\" role=\"tablist\"><li><a data-toggle=\"tab\" class=\"active show\" href=\"#gt-event-schedule-1\" role=\"tab\" aria-controls=\"gt-event-schedule-1\" aria-selected=\"true\">Premi\u00e8re Partie : NOUVELLES VARI\u00c9T\u00c9S DE VIGNE \u00c0 L\u2019HORIZON 2030<\/a><\/li><\/ul><div class=\"gt-dropdown\"><div class=\"tab-content\"><div class=\"tab-pane fade active show\" id=\"gt-event-schedule-1\" role=\"tabpanel\" aria-labelledby=\"nav-gt-event-schedule-1-tab\"><div class=\"gt-panel-group\" id=\"event-schedule-accardion-793649\" role=\"tablist\" aria-multiselectable=\"true\"><div class=\"gt-panel\"><div class=\"gt-panel-heading\" role=\"tab\" id=\"event-schedule-heading-663417\"><a role=\"button\" data-toggle=\"collapse\" data-parent=\"#event-schedule-accardion-793649\" href=\"#event-schedule-collapse-663417\" aria-expanded=\"true\" aria-controls=\"event-schedule-collapse-663417\"><div class=\"gt-inner\"><div class=\"gt-date\">17 November 2019<\/div><div class=\"gt-time\">12:00<\/div><div class=\"gt-title\">Strat\u00e9gies d\u2019am\u00e9lioration<\/div><\/div><svg xmlns=\"http:\/\/www.w3.org\/2000\/svg\" viewBox=\"0 0 24 24\" fill=\"none\" stroke=\"currentColor\" stroke-width=\"2\" stroke-linecap=\"round\" stroke-linejoin=\"round\"><polyline points=\"6 9 12 15 18 9\"><\/polyline><\/svg><\/a><\/div><div id=\"event-schedule-collapse-663417\" class=\"gt-panel-collapse collapse show\" role=\"tabpanel\" aria-labelledby=\"event-schedule-heading-663417\"><div class=\"gt-panel-body\"><div class=\"gt-text\"><p>Les Nouvelles vari&eacute;t&eacute;s de vigne et les Strat&eacute;gie INRA d&rsquo;am&eacute;lioration g&eacute;n&eacute;tique de la vigne en France<\/p>\n<\/div><div class=\"gt-schedule-speakers\"><div class=\"gt-title\">Speakers:<\/div><div class=\"gt-list\"><ul><\/ul><\/div><\/div><\/div><\/div><\/div><div class=\"gt-panel\"><div class=\"gt-panel-heading\" role=\"tab\" id=\"event-schedule-heading-967803\"><a role=\"button\" data-toggle=\"collapse\" data-parent=\"#event-schedule-accardion-793649\" href=\"#event-schedule-collapse-967803\" aria-expanded=\"true\" aria-controls=\"event-schedule-collapse-967803\"><div class=\"gt-inner\"><div class=\"gt-date\">17 November 2019<\/div><div class=\"gt-time\">14:00<\/div><div class=\"gt-title\">Assembl\u00e9e g\u00e9n\u00e9rale de l\u2019association \u2013 Rapport financier- Evolution de l\u2019association<\/div><\/div><svg xmlns=\"http:\/\/www.w3.org\/2000\/svg\" viewBox=\"0 0 24 24\" fill=\"none\" stroke=\"currentColor\" stroke-width=\"2\" stroke-linecap=\"round\" stroke-linejoin=\"round\"><polyline points=\"6 9 12 15 18 9\"><\/polyline><\/svg><\/a><\/div><div id=\"event-schedule-collapse-967803\" class=\"gt-panel-collapse collapse show\" role=\"tabpanel\" aria-labelledby=\"event-schedule-heading-967803\"><div class=\"gt-panel-body\"><div class=\"gt-text\"><p>Assembl&eacute;e g&eacute;n&eacute;rale de l&rsquo;association &ndash; Rapport financier- Evolution de l&rsquo;association<\/p>\n<\/div><div class=\"gt-schedule-speakers\"><div class=\"gt-title\">Speakers:<\/div><div class=\"gt-list\"><ul><\/ul><\/div><\/div><\/div><\/div><\/div><\/div><\/div><\/div><\/div><\/div><\/div>[\/vc_column_inner][\/vc_row_inner][vc_empty_space height=&#8221;120px&#8221;][\/vc_column][\/vc_row][vc_row full_width=&#8221;stretch_row_content_no_spaces&#8221; disable_element=&#8221;yes&#8221;][vc_column][vc_empty_space height=&#8221;60&#8243;][\/vc_column][\/vc_row][vc_row disable_element=&#8221;yes&#8221; el_id=&#8221;Sponsors&#8221;][vc_column][vc_empty_space height=&#8221;45px&#8221;]<div class=\"gt-heading gt-dark gt-size1 gt-align-center\"><div class=\"gt-title\">Our <span>Partners<\/span><\/div><\/div>[vc_empty_space height=&#8221;115px&#8221;]<div class=\"gt-get-event-content\"><\/div>[vc_empty_space height=&#8221;120px&#8221;][\/vc_column][\/vc_row][vc_row full_width=&#8221;stretch_row&#8221; el_id=&#8221;About&#8221; css=&#8221;.vc_custom_1596454416419{background-color: #f9f9f9 !important;}&#8221;][vc_column][vc_empty_space height=&#8221;75&#8243;]<div class=\"gt-heading gt-dark gt-size1 gt-align-center\"><div class=\"gt-title\">Who <span>we are ?<\/span><\/div><\/div>[vc_empty_space height=&#8221;60&#8243;][vc_row_inner el_class=&#8221;blk-about&#8221;][vc_column_inner width=&#8221;1\/2&#8243; offset=&#8221;vc_col-lg-3 vc_col-md-3 vc_col-xs-12&#8243;]<div class=\"gt-eventchamp-service-box gt-style-1 gt-align-center\"><div class=\"gt-icon\"><i class=\"fas fa-users\"><\/i><\/div><div class=\"gt-title\">Independent Association<\/div><\/div>[vc_empty_space height=&#8221;30px&#8221;][\/vc_column_inner][vc_column_inner width=&#8221;1\/2&#8243; offset=&#8221;vc_col-lg-3 vc_col-md-3 vc_col-xs-12&#8243;]<div class=\"gt-eventchamp-service-box gt-style-1 gt-align-center\"><div class=\"gt-icon\"><i class=\"fab fa-readme\"><\/i><\/div><div class=\"gt-title\">Technical conferences on topical issues<\/div><\/div>[vc_empty_space height=&#8221;30px&#8221;][\/vc_column_inner][vc_column_inner width=&#8221;1\/2&#8243; offset=&#8221;vc_col-lg-3 vc_col-md-3 vc_col-xs-12&#8243;]<div class=\"gt-eventchamp-service-box gt-style-1 gt-align-center\"><div class=\"gt-icon\"><i class=\"fab fa-searchengin\"><\/i><\/div><div class=\"gt-title\">Research and innovation<\/div><\/div>[vc_empty_space height=&#8221;30px&#8221;][\/vc_column_inner][vc_column_inner width=&#8221;1\/2&#8243; offset=&#8221;vc_col-lg-3 vc_col-md-3 vc_col-xs-12&#8243;]<div class=\"gt-eventchamp-service-box gt-style-1 gt-align-center\"><div class=\"gt-icon\"><i class=\"fas fa-user-tie\"><\/i><\/div><div class=\"gt-title\">Scientists and professionals<\/div><\/div>[vc_empty_space height=&#8221;30px&#8221;][\/vc_column_inner][\/vc_row_inner][vc_empty_space height=&#8221;60px&#8221;]<div class=\"gt-button gt-style-3 gt-align-center gt-inline-false gt-margin-false\"><a href=\"https:\/\/www.liendelavigne.org\/en\/who-we-are\/\" target=\"_parent\"><span>About us<\/span><\/a><\/div>[vc_empty_space height=&#8221;120px&#8221;][\/vc_column][\/vc_row][vc_row][vc_column offset=&#8221;vc_col-lg-2 vc_col-md-2 vc_hidden-sm vc_col-xs-12 vc_hidden-xs&#8221;][\/vc_column][vc_column offset=&#8221;vc_col-lg-8 vc_col-md-8 vc_col-xs-12&#8243;][vc_empty_space height=&#8221;75px&#8221;]<div class=\"gt-heading gt-dark gt-size1 gt-align-center\"><div class=\"gt-title\">Contact <span>Us<\/span><\/div><\/div>[vc_empty_space height=&#8221;60&#8243;][vc_separator]<div role=\"form\" class=\"wpcf7\" id=\"wpcf7-f5216-o1\" lang=\"en-US\" dir=\"ltr\">\n<div class=\"screen-reader-response\"><p role=\"status\" aria-live=\"polite\" aria-atomic=\"true\"><\/p> <ul><\/ul><\/div>\n<form action=\"\/en\/wp-json\/wp\/v2\/pages\/5196#wpcf7-f5216-o1\" method=\"post\" class=\"wpcf7-form init\" novalidate=\"novalidate\" data-status=\"init\">\n<div style=\"display: none;\">\n<input type=\"hidden\" name=\"_wpcf7\" value=\"5216\" \/>\n<input type=\"hidden\" name=\"_wpcf7_version\" value=\"5.3\" \/>\n<input type=\"hidden\" name=\"_wpcf7_locale\" value=\"en_US\" \/>\n<input type=\"hidden\" name=\"_wpcf7_unit_tag\" value=\"wpcf7-f5216-o1\" \/>\n<input type=\"hidden\" name=\"_wpcf7_container_post\" value=\"0\" \/>\n<input type=\"hidden\" name=\"_wpcf7_posted_data_hash\" value=\"\" \/>\n<input type=\"hidden\" name=\"_wpcf7_recaptcha_response\" value=\"\" \/>\n<\/div>\n<div class=\"gt-columns gt-column-1 gt-column-space-15\">\n<div class=\"gt-col\">\n<div class=\"gt-inner\">\n      <label>You are: <\/label> <span class=\"wpcf7-form-control-wrap member-status\"><span class=\"wpcf7-form-control wpcf7-radio\"><span class=\"wpcf7-list-item first\"><label><span class=\"wpcf7-list-item-label\">Member<\/span><input type=\"radio\" name=\"member-status\" value=\"Member\" \/><\/label><\/span><span class=\"wpcf7-list-item last\"><label><span class=\"wpcf7-list-item-label\">Non-member<\/span><input type=\"radio\" name=\"member-status\" value=\"Non-member\" checked=\"checked\" \/><\/label><\/span><\/span><\/span>\n    <\/div><\/div>\n<div class=\"gt-col\">\n<div class=\"gt-inner\">\n      <span class=\"wpcf7-form-control-wrap your-name\"><input type=\"text\" name=\"your-name\" value=\"\" size=\"40\" class=\"wpcf7-form-control wpcf7-text wpcf7-validates-as-required\" aria-required=\"true\" aria-invalid=\"false\" placeholder=\"Your name*\" \/><\/span>\n    <\/div><\/div>\n<div class=\"gt-col\">\n<div class=\"gt-inner\">\n      <span class=\"wpcf7-form-control-wrap your-email\"><input type=\"email\" name=\"your-email\" value=\"\" size=\"40\" class=\"wpcf7-form-control wpcf7-text wpcf7-email wpcf7-validates-as-required wpcf7-validates-as-email\" aria-required=\"true\" aria-invalid=\"false\" placeholder=\"E-mail address*\" \/><\/span>\n    <\/div><\/div>\n<div class=\"gt-col\">\n<div class=\"gt-inner\">\n      <span class=\"wpcf7-form-control-wrap your-subject\"><select name=\"your-subject\" class=\"wpcf7-form-control wpcf7-select wpcf7-validates-as-required\" aria-required=\"true\" aria-invalid=\"false\"><option value=\"Information request\">Information request<\/option><option value=\"Conference registration\">Conference registration<\/option><option value=\"Become a member\">Become a member<\/option><option value=\"Other\">Other<\/option><\/select><\/span>\n    <\/div><\/div>\n<div class=\"gt-col\">\n<div class=\"gt-inner\">\n      <span class=\"wpcf7-form-control-wrap your-message\"><textarea name=\"your-message\" cols=\"40\" rows=\"5\" class=\"wpcf7-form-control wpcf7-textarea\" aria-invalid=\"false\" placeholder=\"Message\"><\/textarea><\/span>\n    <\/div><\/div>\n<div class=\"gt-col\">\n<div class=\"gt-inner\">\n      <span class=\"wpcf7-form-control-wrap checkbox-403\"><span class=\"wpcf7-form-control wpcf7-checkbox wpcf7-validates-as-required\"><span class=\"wpcf7-list-item first last\"><input type=\"checkbox\" name=\"checkbox-403[]\" value=\"I accept that the site collects my details via this form.\" \/><span class=\"wpcf7-list-item-label\">I accept that the site collects my details via this form.<\/span><\/span><\/span><\/span>\n    <\/div><\/div>\n<div class=\"gt-col\">\n<div class=\"gt-inner\">\n<p>This website is protected by reCAPTCHA and Google <a href=\"https:\/\/policies.google.com\/privacy\" target=\"_blank\"> Privacy Policy<\/a> and <a href=\"https:\/\/policies.google.com\/terms\" target=\"_blank\">Terms of Use<\/a> apply.\n      <\/p>\n<\/p><\/div><\/div>\n<div class=\"gt-col\">\n<div class=\"gt-inner\">\n      <input type=\"submit\" value=\"Send\" class=\"wpcf7-form-control wpcf7-submit\" \/>\n    <\/div><\/div>\n<\/div>\n<div class=\"wpcf7-response-output\" aria-hidden=\"true\"><\/div><\/form><\/div>[vc_empty_space height=&#8221;120px&#8221;][\/vc_column][vc_column offset=&#8221;vc_col-lg-2 vc_col-md-2 vc_hidden-sm vc_col-xs-12 vc_hidden-xs&#8221;][\/vc_column][\/vc_row]<\/p>\n","protected":false},"excerpt":{"rendered":"<p>[vc_row full_width=&#8221;stretch_row_content_no_spaces&#8221; full_height=&#8221;yes&#8221; el_id=&#8221;blk-banner&#8221;][vc_column][\/vc_column][vc_column el_id=&#8221;logo-txt&#8221;][vc_row_inner][vc_column_inner][vc_column_text] Tribute to Jean Pierre M\u00e9gnin, Founder and Soul of the Association Lien de la Vigne It is with deep sadness that we announce the passing of Jean Pierre M\u00e9gnin, a central and charismatic figure in&#8230;<\/p>\n","protected":false},"author":2,"featured_media":0,"parent":0,"menu_order":0,"comment_status":"closed","ping_status":"closed","template":"","meta":{"_bbp_topic_count":0,"_bbp_reply_count":0,"_bbp_total_topic_count":0,"_bbp_total_reply_count":0,"_bbp_voice_count":0,"_bbp_anonymous_reply_count":0,"_bbp_topic_count_hidden":0,"_bbp_reply_count_hidden":0,"_bbp_forum_subforum_count":0},"yoast_head":"<!-- This site is optimized with the Yoast SEO plugin v15.3 - https:\/\/yoast.com\/wordpress\/plugins\/seo\/ -->\n<title>Home - Lien de la vigne - Vinelink International<\/title>\n<meta name=\"robots\" content=\"index, follow, max-snippet:-1, max-image-preview:large, max-video-preview:-1\" \/>\n<link rel=\"canonical\" href=\"https:\/\/www.liendelavigne.org\/en\/\" \/>\n<meta property=\"og:locale\" content=\"en_US\" \/>\n<meta property=\"og:type\" content=\"article\" \/>\n<meta property=\"og:title\" content=\"Home - Lien de la vigne - Vinelink International\" \/>\n<meta property=\"og:description\" content=\"[vc_row full_width=&#8221;stretch_row_content_no_spaces&#8221; full_height=&#8221;yes&#8221; el_id=&#8221;blk-banner&#8221;][vc_column][\/vc_column][vc_column el_id=&#8221;logo-txt&#8221;][vc_row_inner][vc_column_inner][vc_column_text] Tribute to Jean Pierre M\u00e9gnin, Founder and Soul of the Association Lien de la Vigne It is with deep sadness that we announce the passing of Jean Pierre M\u00e9gnin, a central and charismatic figure in...\" \/>\n<meta property=\"og:url\" content=\"https:\/\/www.liendelavigne.org\/en\/\" \/>\n<meta property=\"og:site_name\" content=\"Lien de la vigne - Vinelink International\" \/>\n<meta property=\"article:modified_time\" content=\"2025-04-30T11:53:22+00:00\" \/>\n<meta property=\"og:image\" content=\"https:\/\/www.liendelavigne.org\/wp-content\/uploads\/2025\/04\/illus-jean-pierre-184x300.jpg\" \/>\n<meta name=\"twitter:card\" content=\"summary_large_image\" \/>\n<meta name=\"twitter:label1\" content=\"Written by\">\n\t<meta name=\"twitter:data1\" content=\"Nawaaz\">\n\t<meta name=\"twitter:label2\" content=\"Est. reading time\">\n\t<meta name=\"twitter:data2\" content=\"5 minutes\">\n<script type=\"application\/ld+json\" class=\"yoast-schema-graph\">{\"@context\":\"https:\/\/schema.org\",\"@graph\":[{\"@type\":\"Organization\",\"@id\":\"https:\/\/www.liendelavigne.org\/fr\/#organization\",\"name\":\"Vinelink\",\"url\":\"https:\/\/www.liendelavigne.org\/fr\/\",\"sameAs\":[],\"logo\":{\"@type\":\"ImageObject\",\"@id\":\"https:\/\/www.liendelavigne.org\/fr\/#logo\",\"inLanguage\":\"en-US\",\"url\":\"https:\/\/www.liendelavigne.org\/wp-content\/uploads\/2020\/08\/vinelink_logo.png\",\"width\":2550,\"height\":1579,\"caption\":\"Vinelink\"},\"image\":{\"@id\":\"https:\/\/www.liendelavigne.org\/fr\/#logo\"}},{\"@type\":\"WebSite\",\"@id\":\"https:\/\/www.liendelavigne.org\/fr\/#website\",\"url\":\"https:\/\/www.liendelavigne.org\/fr\/\",\"name\":\"Lien de la vigne - Vinelink International\",\"description\":\"Innovations dans la fili\\u00e8re vininternationale\",\"publisher\":{\"@id\":\"https:\/\/www.liendelavigne.org\/fr\/#organization\"},\"potentialAction\":[{\"@type\":\"SearchAction\",\"target\":\"https:\/\/www.liendelavigne.org\/fr\/?s={search_term_string}\",\"query-input\":\"required name=search_term_string\"}],\"inLanguage\":\"en-US\"},{\"@type\":\"ImageObject\",\"@id\":\"https:\/\/www.liendelavigne.org\/en\/#primaryimage\",\"inLanguage\":\"en-US\",\"url\":\"https:\/\/www.liendelavigne.org\/wp-content\/uploads\/2025\/04\/illus-jean-pierre.jpg\",\"width\":900,\"height\":1464},{\"@type\":\"WebPage\",\"@id\":\"https:\/\/www.liendelavigne.org\/en\/#webpage\",\"url\":\"https:\/\/www.liendelavigne.org\/en\/\",\"name\":\"Home - Lien de la vigne - Vinelink International\",\"isPartOf\":{\"@id\":\"https:\/\/www.liendelavigne.org\/fr\/#website\"},\"primaryImageOfPage\":{\"@id\":\"https:\/\/www.liendelavigne.org\/en\/#primaryimage\"},\"datePublished\":\"2020-07-31T14:37:25+00:00\",\"dateModified\":\"2025-04-30T11:53:22+00:00\",\"inLanguage\":\"en-US\",\"potentialAction\":[{\"@type\":\"ReadAction\",\"target\":[\"https:\/\/www.liendelavigne.org\/en\/\"]}]}]}<\/script>\n<!-- \/ Yoast SEO plugin. -->","_links":{"self":[{"href":"https:\/\/www.liendelavigne.org\/en\/wp-json\/wp\/v2\/pages\/5196"}],"collection":[{"href":"https:\/\/www.liendelavigne.org\/en\/wp-json\/wp\/v2\/pages"}],"about":[{"href":"https:\/\/www.liendelavigne.org\/en\/wp-json\/wp\/v2\/types\/page"}],"author":[{"embeddable":true,"href":"https:\/\/www.liendelavigne.org\/en\/wp-json\/wp\/v2\/users\/2"}],"replies":[{"embeddable":true,"href":"https:\/\/www.liendelavigne.org\/en\/wp-json\/wp\/v2\/comments?post=5196"}],"version-history":[{"count":7,"href":"https:\/\/www.liendelavigne.org\/en\/wp-json\/wp\/v2\/pages\/5196\/revisions"}],"predecessor-version":[{"id":5349,"href":"https:\/\/www.liendelavigne.org\/en\/wp-json\/wp\/v2\/pages\/5196\/revisions\/5349"}],"wp:attachment":[{"href":"https:\/\/www.liendelavigne.org\/en\/wp-json\/wp\/v2\/media?parent=5196"}],"curies":[{"name":"wp","href":"https:\/\/api.w.org\/{rel}","templated":true}]}}