{"id":5205,"date":"2020-08-13T14:35:56","date_gmt":"2020-08-13T12:35:56","guid":{"rendered":"https:\/\/www.liendelavigne.org\/charte-de-lassociation\/"},"modified":"2021-02-02T14:32:41","modified_gmt":"2021-02-02T13:32:41","slug":"charter-of-the-association","status":"publish","type":"page","link":"https:\/\/www.liendelavigne.org\/en\/charter-of-the-association\/","title":{"rendered":"Charter of the association"},"content":{"rendered":"<p>[vc_row][vc_column]<div class=\"gt-heading gt-dark gt-size1 gt-align-left\"><div class=\"gt-title\">Lien de la Vigne<\/div><\/div>[vc_column_text]<\/p>\n<h3>Mission<\/h3>\n<p><strong>UNE <\/strong>MISSION\u00a0<strong>:<\/strong> Promouvoir l\u2019innovation et la coop\u00e9ration technologique dans la fili\u00e8re \u2013 vin<\/p>\n<p><strong>UNE <\/strong>MISSION\u00a0<strong>:<\/strong> Promouvoir l\u2019innovation et la coop\u00e9ration technologique dans la fili\u00e8re \u2013 vin<\/p>\n<p><strong>DEUX <\/strong>COLL\u00c8GES\u00a0 de membres : un coll\u00e8ge de Professionnels du Vin (P), un coll\u00e8ge de Scientifiques de la recherche priv\u00e9e et publique (S) LES PROFESSIONNELS REGROUPENT LES PRODUCTEURS DE VIN , LEURS CONSEILS et FOURNISSEURS et les START-UPS<\/p>\n<p><strong>TROIS <\/strong>MODES D\u2019ACTION principaux\u00a0:<\/p>\n<ul>\n<li>Consultation mondiale de la fili\u00e8re-vin (annuelle P et S)<\/li>\n<li>Conf\u00e9rence Scientifique (annuelle)<\/li>\n<li>DIFFUSION internationale des r\u00e9sultats<\/li>\n<\/ul>\n<p>[\/vc_column_text][vc_single_image image=&#8221;3574&#8243; img_size=&#8221;full&#8221;][vc_column_text]<strong>PRINCIPES\u00a0 \u00a0<\/strong><\/p>\n<ul>\n<li>Association\u00a0 ind\u00e9pendante de tout int\u00e9r\u00eat public ou priv\u00e9, enti\u00e8rement d\u00e9vou\u00e9e \u00e0 l\u2019\u00e9volution technologique de la fili\u00e8re-vin internationale.<\/li>\n<li>Association ouverte \u00e0 tous centres de recherche et tous professionnels de la fili\u00e8re<\/li>\n<li>Dans une profession tr\u00e8s morcel\u00e9e \u00a0au plan mondial, notre effort vise \u00e0 contribuer \u00e0 l\u2019information technologique de la fili\u00e8re et\u00a0 \u00e0 la collaboration\u00a0 des forces d\u2019innovation internationales qui la composent :<\/li>\n<li>Coop\u00e9ration ouverte \u00e0 toutes les composantes de la fili\u00e8re : viticulteurs, fournisseurs, \u00e9quipementiers \u2026 scientifiques .<\/li>\n<li>Transmission large du savoir dans la fili\u00e8re-vin : enqu\u00eates et conf\u00e9rences ;<\/li>\n<li>Montage de programmes de recherche destin\u00e9s \u00e0 la profession dans son ensemble.<\/li>\n<li><strong>Nos moyens d\u2019action <\/strong>sont collectifs , enti\u00e8rement assur\u00e9s par l\u2019action conjugu\u00e9e de tous nos membres et associ\u00e9s\u00a0 . En particulier le caract\u00e8re international de notre action n\u2019est rendu possible que par leurs contributions respectives dans le monde .<\/li>\n<\/ul>\n<p><strong>Pour toute question, merci de nous contacter en<\/strong> <strong><a href=\"https:\/\/www.liendelavigne.org\/fr\/nous-contacter\/\">cliquant ici<\/a><\/strong><\/p>\n<p>Charte lien de la vigne <a class=\"btn-link\" href=\"https:\/\/www.liendelavigne.org\/wp-content\/uploads\/2020\/11\/Charte-LdV-.pdf\" target=\"_blank\" rel=\"noopener noreferrer\">T\u00e9l\u00e9charger<\/a>[\/vc_column_text][\/vc_column][\/vc_row]<\/p>\n","protected":false},"excerpt":{"rendered":"<p>[vc_row][vc_column][vc_column_text] Mission UNE MISSION\u00a0: Promouvoir l\u2019innovation et la coop\u00e9ration technologique dans la fili\u00e8re \u2013 vin UNE MISSION\u00a0: Promouvoir l\u2019innovation et la coop\u00e9ration technologique dans la fili\u00e8re \u2013 vin DEUX COLL\u00c8GES\u00a0 de membres : un coll\u00e8ge de Professionnels du Vin (P),&#8230;<\/p>\n","protected":false},"author":2,"featured_media":0,"parent":0,"menu_order":0,"comment_status":"closed","ping_status":"closed","template":"","meta":{"_bbp_topic_count":0,"_bbp_reply_count":0,"_bbp_total_topic_count":0,"_bbp_total_reply_count":0,"_bbp_voice_count":0,"_bbp_anonymous_reply_count":0,"_bbp_topic_count_hidden":0,"_bbp_reply_count_hidden":0,"_bbp_forum_subforum_count":0},"yoast_head":"<!-- This site is optimized with the Yoast SEO plugin v15.3 - https:\/\/yoast.com\/wordpress\/plugins\/seo\/ -->\n<title>Charter of the association - Lien de la vigne - Vinelink International<\/title>\n<meta name=\"robots\" content=\"index, follow, max-snippet:-1, max-image-preview:large, max-video-preview:-1\" \/>\n<link rel=\"canonical\" href=\"https:\/\/www.liendelavigne.org\/en\/charter-of-the-association\/\" \/>\n<meta property=\"og:locale\" content=\"en_US\" \/>\n<meta property=\"og:type\" content=\"article\" \/>\n<meta property=\"og:title\" content=\"Charter of the association - Lien de la vigne - Vinelink International\" \/>\n<meta property=\"og:description\" content=\"[vc_row][vc_column][vc_column_text] Mission UNE MISSION\u00a0: Promouvoir l\u2019innovation et la coop\u00e9ration technologique dans la fili\u00e8re \u2013 vin UNE MISSION\u00a0: Promouvoir l\u2019innovation et la coop\u00e9ration technologique dans la fili\u00e8re \u2013 vin DEUX COLL\u00c8GES\u00a0 de membres : un coll\u00e8ge de Professionnels du Vin (P),...\" \/>\n<meta property=\"og:url\" content=\"https:\/\/www.liendelavigne.org\/en\/charter-of-the-association\/\" \/>\n<meta property=\"og:site_name\" content=\"Lien de la vigne - Vinelink International\" \/>\n<meta property=\"article:modified_time\" content=\"2021-02-02T13:32:41+00:00\" \/>\n<meta name=\"twitter:card\" content=\"summary_large_image\" \/>\n<meta name=\"twitter:label1\" content=\"Written by\">\n\t<meta name=\"twitter:data1\" content=\"Nawaaz\">\n\t<meta name=\"twitter:label2\" content=\"Est. reading time\">\n\t<meta name=\"twitter:data2\" content=\"1 minute\">\n<script type=\"application\/ld+json\" class=\"yoast-schema-graph\">{\"@context\":\"https:\/\/schema.org\",\"@graph\":[{\"@type\":\"Organization\",\"@id\":\"https:\/\/www.liendelavigne.org\/fr\/#organization\",\"name\":\"Vinelink\",\"url\":\"https:\/\/www.liendelavigne.org\/fr\/\",\"sameAs\":[],\"logo\":{\"@type\":\"ImageObject\",\"@id\":\"https:\/\/www.liendelavigne.org\/fr\/#logo\",\"inLanguage\":\"en-US\",\"url\":\"https:\/\/www.liendelavigne.org\/wp-content\/uploads\/2020\/08\/vinelink_logo.png\",\"width\":2550,\"height\":1579,\"caption\":\"Vinelink\"},\"image\":{\"@id\":\"https:\/\/www.liendelavigne.org\/fr\/#logo\"}},{\"@type\":\"WebSite\",\"@id\":\"https:\/\/www.liendelavigne.org\/fr\/#website\",\"url\":\"https:\/\/www.liendelavigne.org\/fr\/\",\"name\":\"Lien de la vigne - Vinelink International\",\"description\":\"Innovations dans la fili\\u00e8re vininternationale\",\"publisher\":{\"@id\":\"https:\/\/www.liendelavigne.org\/fr\/#organization\"},\"potentialAction\":[{\"@type\":\"SearchAction\",\"target\":\"https:\/\/www.liendelavigne.org\/fr\/?s={search_term_string}\",\"query-input\":\"required name=search_term_string\"}],\"inLanguage\":\"en-US\"},{\"@type\":\"WebPage\",\"@id\":\"https:\/\/www.liendelavigne.org\/en\/charter-of-the-association\/#webpage\",\"url\":\"https:\/\/www.liendelavigne.org\/en\/charter-of-the-association\/\",\"name\":\"Charter of the association - Lien de la vigne - Vinelink International\",\"isPartOf\":{\"@id\":\"https:\/\/www.liendelavigne.org\/fr\/#website\"},\"datePublished\":\"2020-08-13T12:35:56+00:00\",\"dateModified\":\"2021-02-02T13:32:41+00:00\",\"inLanguage\":\"en-US\",\"potentialAction\":[{\"@type\":\"ReadAction\",\"target\":[\"https:\/\/www.liendelavigne.org\/en\/charter-of-the-association\/\"]}]}]}<\/script>\n<!-- \/ Yoast SEO plugin. -->","_links":{"self":[{"href":"https:\/\/www.liendelavigne.org\/en\/wp-json\/wp\/v2\/pages\/5205"}],"collection":[{"href":"https:\/\/www.liendelavigne.org\/en\/wp-json\/wp\/v2\/pages"}],"about":[{"href":"https:\/\/www.liendelavigne.org\/en\/wp-json\/wp\/v2\/types\/page"}],"author":[{"embeddable":true,"href":"https:\/\/www.liendelavigne.org\/en\/wp-json\/wp\/v2\/users\/2"}],"replies":[{"embeddable":true,"href":"https:\/\/www.liendelavigne.org\/en\/wp-json\/wp\/v2\/comments?post=5205"}],"version-history":[{"count":2,"href":"https:\/\/www.liendelavigne.org\/en\/wp-json\/wp\/v2\/pages\/5205\/revisions"}],"predecessor-version":[{"id":5207,"href":"https:\/\/www.liendelavigne.org\/en\/wp-json\/wp\/v2\/pages\/5205\/revisions\/5207"}],"wp:attachment":[{"href":"https:\/\/www.liendelavigne.org\/en\/wp-json\/wp\/v2\/media?parent=5205"}],"curies":[{"name":"wp","href":"https:\/\/api.w.org\/{rel}","templated":true}]}}