{"id":2692,"date":"2020-07-31T16:37:25","date_gmt":"2020-07-31T14:37:25","guid":{"rendered":"https:\/\/www.liendelavigne.org\/?page_id=2692"},"modified":"2025-04-30T13:49:04","modified_gmt":"2025-04-30T11:49:04","slug":"home-vinelink-page-daccueil","status":"publish","type":"page","link":"https:\/\/www.liendelavigne.org\/fr\/","title":{"rendered":"Accueil"},"content":{"rendered":"<p>[vc_row full_width=\u00a0\u00bbstretch_row_content_no_spaces\u00a0\u00bb full_height=\u00a0\u00bbyes\u00a0\u00bb el_id=\u00a0\u00bbblk-banner\u00a0\u00bb][vc_column]<div class=\"gt-banner-box gt-lazy-load\" data-bg=\"https:\/\/www.liendelavigne.org\/wp-content\/uploads\/2020\/12\/landing_image-unsplash-scaled.jpg\"><div class=\"gt-content\"><span class=\"primary\">Lien de la vigne<\/span><\/div><\/div>[\/vc_column][vc_column el_id=\u00a0\u00bblogo-txt\u00a0\u00bb][vc_row_inner][vc_column_inner][vc_column_text]<\/p>\n<div class=\"textMsg\">\n<p><img loading=\"lazy\" class=\"alignnone size-medium wp-image-5330\" src=\"https:\/\/www.liendelavigne.org\/wp-content\/uploads\/2025\/04\/illus-jean-pierre-184x300.jpg\" alt=\"\" width=\"225\" height=\"\" srcset=\"https:\/\/www.liendelavigne.org\/wp-content\/uploads\/2025\/04\/illus-jean-pierre-184x300.jpg 184w, https:\/\/www.liendelavigne.org\/wp-content\/uploads\/2025\/04\/illus-jean-pierre-630x1024.jpg 630w, https:\/\/www.liendelavigne.org\/wp-content\/uploads\/2025\/04\/illus-jean-pierre-768x1249.jpg 768w, https:\/\/www.liendelavigne.org\/wp-content\/uploads\/2025\/04\/illus-jean-pierre-600x976.jpg 600w, https:\/\/www.liendelavigne.org\/wp-content\/uploads\/2025\/04\/illus-jean-pierre.jpg 900w\" sizes=\"(max-width: 184px) 100vw, 184px\" \/>Hommage \u00e0 Jean Pierre M\u00e9gnin, fondateur et \u00e2me de l\u2019Association Lien de la Vigne<\/p>\n<p>C\u2019est avec une profonde tristesse que nous annon\u00e7ons le d\u00e9c\u00e8s de Jean Pierre M\u00e9gnin, figure centrale et charismatique du monde vitivinicole international, fondateur de l\u2019Association Lien de la Vigne.<\/p>\n<p>Jean Pierre \u00e9tait bien plus qu\u2019un passionn\u00e9 du vin : il fut un v\u00e9ritable pionnier du d\u00e9veloppement vitivinicole international, consacrant sa vie \u00e0 la diffusion de l\u2019innovation tout au long de la fili\u00e8re, reliant \u2013 telle une liane \u2013 le monde de la production \u00e0 celui de la recherche scientifique. Sa vision globale et son engagement inlassable ont contribu\u00e9 de mani\u00e8re significative \u00e0 la croissance et \u00e0 la valorisation du secteur vitivinicole \u00e0 l\u2019\u00e9chelle mondiale.<\/p>\n<p>\u00c0 la t\u00eate de l\u2019Association Lien de la Vigne, il a su cr\u00e9er un r\u00e9seau vivant et novateur de producteurs, chercheurs et experts, r\u00e9unis par la volont\u00e9 de partager savoirs, connaissances et exp\u00e9riences.<\/p>\n<p>Son d\u00e9part laisse un vide immense, mais aussi un h\u00e9ritage pr\u00e9cieux que nous continuerons \u00e0 honorer avec d\u00e9vouement et gratitude.<\/p>\n<p>L\u2019Association Lien de la Vigne adresse tout son soutien et son affection \u00e0 sa famille, et tout particuli\u00e8rement \u00e0 son \u00e9pouse, et invite toutes celles et ceux qui ont partag\u00e9 avec lui r\u00eaves, projets et visions \u00e0 se rassembler dans le souvenir d\u2019un homme qui a su faire dialoguer le monde\u2026 \u00e0 travers la vigne et le vin<\/p>\n<\/div>\n<p>[\/vc_column_text][\/vc_column_inner][\/vc_row_inner][\/vc_column][vc_column el_id=\u00a0\u00bbtxt-info\u00a0\u00bb][vc_column_text]<\/p>\n<p style=\"text-align: center;\"><em>\u00ab\u00a0La vie, c&rsquo;est comme une bicyclette, il faut avancer pour ne pas perdre l&rsquo;\u00e9quilibre.\u00a0\u00bb<\/em><br \/>\nAlbert Einstein (1879-1955)[\/vc_column_text][\/vc_column][\/vc_row][vc_row full_width=\u00a0\u00bbstretch_row_content_no_spaces\u00a0\u00bb full_height=\u00a0\u00bbyes\u00a0\u00bb disable_element=\u00a0\u00bbyes\u00a0\u00bb][vc_column]<div class=\"gt-events-slider\" style=\"height:100vh;\"><div class=\"swiper-container gt-swiper-slider\" data-gt-item=\"1\" data-gt-item-space=\"0\" data-gt-loop=\"false\" data-gt-speed=\"1000\" data-gt-direction=\"horizontal\" data-gt-effect=\"slide\" data-gt-centered-slides=\"true\" data-gt-free-mode=\"true\"><div class=\"swiper-wrapper\"><div class=\"swiper-slide\"><div class=\"gt-slide-inner gt-lazy\" data-background=\"https:\/\/www.liendelavigne.org\/wp-content\/uploads\/2020\/08\/pexels-pixabay-51947-1920x1100.jpg\"><div class=\"container\"><div class=\"gt-content\"><div class=\"gt-title\">Journ\u00e9es annuelles Lien de la Vigne<\/div><ul class=\"gt-information\"><\/ul><\/div><\/div><\/div><\/div><\/div><\/div><\/div>[\/vc_column][vc_column][vc_column_text]<\/p>\n<p style=\"text-align: center;\"><em>\u00ab\u00a0La vie, c&rsquo;est comme une bicyclette, il faut avancer pour ne pas perdre l&rsquo;\u00e9quilibre.\u00a0\u00bb<\/em><br \/>\nAlbert Einstein (1879-1955)[\/vc_column_text][\/vc_column][\/vc_row][vc_row full_width=\u00a0\u00bbstretch_row_content_no_spaces\u00a0\u00bb][vc_column el_class=\u00a0\u00bbblk-search\u00a0\u00bb][vc_wp_search title=\u00a0\u00bbRecherche\u00a0\u00bb el_class=\u00a0\u00bbsearch container\u00a0\u00bb][\/vc_column][\/vc_row][vc_row full_width=\u00a0\u00bbstretch_row\u00a0\u00bb disable_element=\u00a0\u00bbyes\u00a0\u00bb el_id=\u00a0\u00bbSchedule\u00a0\u00bb css=\u00a0\u00bb.vc_custom_1606397851167{background-color: #f9f9f9 !important;}\u00a0\u00bb][vc_column][vc_empty_space height=\u00a0\u00bb75px\u00a0\u00bb]<div class=\"gt-heading gt-dark gt-size1 gt-align-center\"><div class=\"gt-title\">Le <span>Programme<\/span><\/div><\/div>[vc_empty_space height=\u00a0\u00bb60&Prime;][vc_row_inner gap=\u00a0\u00bb30&Prime; css=\u00a0\u00bb.vc_custom_1543939386108{background-color: #ffffff !important;}\u00a0\u00bb][vc_column_inner css=\u00a0\u00bb.vc_custom_1543939485483{padding-top: 15px !important;padding-bottom: 15px !important;border-radius: 5px !important;}\u00a0\u00bb]<div class=\"gt-get-event-content\"><div class=\"gt-event-schedule gt-style-1\"><ul class=\"gt-schedule-tabs nav\" role=\"tablist\"><li><a data-toggle=\"tab\" class=\"active show\" href=\"#gt-event-schedule-1\" role=\"tab\" aria-controls=\"gt-event-schedule-1\" aria-selected=\"true\">Premi\u00e8re Partie : NOUVELLES VARI\u00c9T\u00c9S DE VIGNE \u00c0 L\u2019HORIZON 2030<\/a><\/li><\/ul><div class=\"gt-dropdown\"><div class=\"tab-content\"><div class=\"tab-pane fade active show\" id=\"gt-event-schedule-1\" role=\"tabpanel\" aria-labelledby=\"nav-gt-event-schedule-1-tab\"><div class=\"gt-panel-group\" id=\"event-schedule-accardion-957881\" role=\"tablist\" aria-multiselectable=\"true\"><div class=\"gt-panel\"><div class=\"gt-panel-heading\" role=\"tab\" id=\"event-schedule-heading-708918\"><a role=\"button\" data-toggle=\"collapse\" data-parent=\"#event-schedule-accardion-957881\" href=\"#event-schedule-collapse-708918\" aria-expanded=\"true\" aria-controls=\"event-schedule-collapse-708918\"><div class=\"gt-inner\"><div class=\"gt-date\">17 novembre 2019<\/div><div class=\"gt-time\">12:00<\/div><div class=\"gt-title\">Strat\u00e9gies d\u2019am\u00e9lioration<\/div><\/div><svg xmlns=\"http:\/\/www.w3.org\/2000\/svg\" viewBox=\"0 0 24 24\" fill=\"none\" stroke=\"currentColor\" stroke-width=\"2\" stroke-linecap=\"round\" stroke-linejoin=\"round\"><polyline points=\"6 9 12 15 18 9\"><\/polyline><\/svg><\/a><\/div><div id=\"event-schedule-collapse-708918\" class=\"gt-panel-collapse collapse show\" role=\"tabpanel\" aria-labelledby=\"event-schedule-heading-708918\"><div class=\"gt-panel-body\"><div class=\"gt-text\"><p>Les Nouvelles vari&eacute;t&eacute;s de vigne et les Strat&eacute;gie INRA d&rsquo;am&eacute;lioration g&eacute;n&eacute;tique de la vigne en France<\/p>\n<\/div><div class=\"gt-schedule-speakers\"><div class=\"gt-title\">Conf\u00e9renciers:<\/div><div class=\"gt-list\"><ul><li><a href=\"https:\/\/www.liendelavigne.org\/fr\/speaker\/olivier-viret\/\"><div class=\"gt-image\"><img width=\"85\" height=\"85\" class=\"attachment-eventchamp-avatar size-eventchamp-avatar gt-lazy-load\" alt=\"\" loading=\"lazy\" 0=\"\" data-src=\"https:\/\/www.liendelavigne.org\/wp-content\/uploads\/2018\/11\/olivierViret_-85x85.jpg\" data-srcset=\"https:\/\/www.liendelavigne.org\/wp-content\/uploads\/2018\/11\/olivierViret_-85x85.jpg 85w, https:\/\/www.liendelavigne.org\/wp-content\/uploads\/2018\/11\/olivierViret_-150x150.jpg 150w, https:\/\/www.liendelavigne.org\/wp-content\/uploads\/2018\/11\/olivierViret_-100x100.jpg 100w\" data-sizes=\"(max-width: 85px) 100vw, 85px\" \/><\/div><div class=\"gt-detail\"><div class=\"gt-name\">Olivier Viret<\/div><div class=\"gt-profession\">Chef de Recherche<\/div><\/div><\/a><\/li><\/ul><\/div><\/div><\/div><\/div><\/div><div class=\"gt-panel\"><div class=\"gt-panel-heading\" role=\"tab\" id=\"event-schedule-heading-548493\"><a role=\"button\" data-toggle=\"collapse\" data-parent=\"#event-schedule-accardion-957881\" href=\"#event-schedule-collapse-548493\" aria-expanded=\"true\" aria-controls=\"event-schedule-collapse-548493\"><div class=\"gt-inner\"><div class=\"gt-date\">17 novembre 2019<\/div><div class=\"gt-time\">14:00<\/div><div class=\"gt-title\">Assembl\u00e9e g\u00e9n\u00e9rale de l\u2019association \u2013 Rapport financier- Evolution de l\u2019association<\/div><\/div><svg xmlns=\"http:\/\/www.w3.org\/2000\/svg\" viewBox=\"0 0 24 24\" fill=\"none\" stroke=\"currentColor\" stroke-width=\"2\" stroke-linecap=\"round\" stroke-linejoin=\"round\"><polyline points=\"6 9 12 15 18 9\"><\/polyline><\/svg><\/a><\/div><div id=\"event-schedule-collapse-548493\" class=\"gt-panel-collapse collapse show\" role=\"tabpanel\" aria-labelledby=\"event-schedule-heading-548493\"><div class=\"gt-panel-body\"><div class=\"gt-text\"><p>Assembl&eacute;e g&eacute;n&eacute;rale de l&rsquo;association &ndash; Rapport financier- Evolution de l&rsquo;association<\/p>\n<\/div><div class=\"gt-schedule-speakers\"><div class=\"gt-title\">Conf\u00e9renciers:<\/div><div class=\"gt-list\"><ul><li><a href=\"https:\/\/www.liendelavigne.org\/fr\/speaker\/laurent-audeguin\/\"><div class=\"gt-image\"><img width=\"85\" height=\"85\" class=\"attachment-eventchamp-avatar size-eventchamp-avatar gt-lazy-load\" alt=\"\" loading=\"lazy\" 0=\"\" data-src=\"https:\/\/www.liendelavigne.org\/wp-content\/uploads\/2018\/11\/laurentAudeguin-85x85.jpg\" data-srcset=\"https:\/\/www.liendelavigne.org\/wp-content\/uploads\/2018\/11\/laurentAudeguin-85x85.jpg 85w, https:\/\/www.liendelavigne.org\/wp-content\/uploads\/2018\/11\/laurentAudeguin-150x150.jpg 150w, https:\/\/www.liendelavigne.org\/wp-content\/uploads\/2018\/11\/laurentAudeguin-100x100.jpg 100w\" data-sizes=\"(max-width: 85px) 100vw, 85px\" \/><\/div><div class=\"gt-detail\"><div class=\"gt-name\">Laurent Audeguin<\/div><\/div><\/a><\/li><\/ul><\/div><\/div><\/div><\/div><\/div><\/div><\/div><\/div><\/div><\/div><\/div>[\/vc_column_inner][\/vc_row_inner][vc_empty_space height=\u00a0\u00bb120px\u00a0\u00bb][\/vc_column][\/vc_row][vc_row full_width=\u00a0\u00bbstretch_row_content_no_spaces\u00a0\u00bb disable_element=\u00a0\u00bbyes\u00a0\u00bb][vc_column][vc_empty_space height=\u00a0\u00bb60&Prime;][\/vc_column][\/vc_row][vc_row disable_element=\u00a0\u00bbyes\u00a0\u00bb el_id=\u00a0\u00bbSponsors\u00a0\u00bb][vc_column][vc_empty_space height=\u00a0\u00bb45px\u00a0\u00bb]<div class=\"gt-heading gt-dark gt-size1 gt-align-center\"><div class=\"gt-title\">Nos <span>Partenaires<\/span><\/div><\/div>[vc_empty_space height=\u00a0\u00bb115px\u00a0\u00bb]<div class=\"gt-get-event-content\"><\/div>[vc_empty_space height=\u00a0\u00bb120px\u00a0\u00bb][\/vc_column][\/vc_row][vc_row full_width=\u00a0\u00bbstretch_row\u00a0\u00bb el_id=\u00a0\u00bbAbout\u00a0\u00bb css=\u00a0\u00bb.vc_custom_1596454416419{background-color: #f9f9f9 !important;}\u00a0\u00bb][vc_column][vc_empty_space height=\u00a0\u00bb75&Prime;]<div class=\"gt-heading gt-dark gt-size1 gt-align-center\"><div class=\"gt-title\">Qui <span>Sommes-Nous ?<\/span><\/div><\/div>[vc_empty_space height=\u00a0\u00bb60&Prime;][vc_row_inner el_class=\u00a0\u00bbblk-about\u00a0\u00bb][vc_column_inner width=\u00a0\u00bb1\/2&Prime; offset=\u00a0\u00bbvc_col-lg-3 vc_col-md-3 vc_col-xs-12&Prime;]<div class=\"gt-eventchamp-service-box gt-style-1 gt-align-center\"><div class=\"gt-icon\"><i class=\"fas fa-users\"><\/i><\/div><div class=\"gt-title\">Association Ind\u00e9pendante<\/div><\/div>[vc_empty_space height=\u00a0\u00bb30px\u00a0\u00bb][\/vc_column_inner][vc_column_inner width=\u00a0\u00bb1\/2&Prime; offset=\u00a0\u00bbvc_col-lg-3 vc_col-md-3 vc_col-xs-12&Prime;]<div class=\"gt-eventchamp-service-box gt-style-1 gt-align-center\"><div class=\"gt-icon\"><i class=\"fab fa-readme\"><\/i><\/div><div class=\"gt-title\">Conf\u00e9rences techniques sur des th\u00e8mes d\u2019actualit\u00e9<\/div><\/div>[vc_empty_space height=\u00a0\u00bb30px\u00a0\u00bb][\/vc_column_inner][vc_column_inner width=\u00a0\u00bb1\/2&Prime; offset=\u00a0\u00bbvc_col-lg-3 vc_col-md-3 vc_col-xs-12&Prime;]<div class=\"gt-eventchamp-service-box gt-style-1 gt-align-center\"><div class=\"gt-icon\"><i class=\"fab fa-searchengin\"><\/i><\/div><div class=\"gt-title\">Recherche et l&#039;innovation<\/div><\/div>[vc_empty_space height=\u00a0\u00bb30px\u00a0\u00bb][\/vc_column_inner][vc_column_inner width=\u00a0\u00bb1\/2&Prime; offset=\u00a0\u00bbvc_col-lg-3 vc_col-md-3 vc_col-xs-12&Prime;]<div class=\"gt-eventchamp-service-box gt-style-1 gt-align-center\"><div class=\"gt-icon\"><i class=\"fas fa-user-tie\"><\/i><\/div><div class=\"gt-title\">Scientifiques et professionnels<\/div><\/div>[vc_empty_space height=\u00a0\u00bb30px\u00a0\u00bb][\/vc_column_inner][\/vc_row_inner][vc_empty_space height=\u00a0\u00bb60px\u00a0\u00bb]<div class=\"gt-button gt-style-3 gt-align-center gt-inline-false gt-margin-false\"><a href=\"https:\/\/www.liendelavigne.org\/fr\/qui-sommes-nous\/\" target=\"_parent\"><span>Nous connaitre<\/span><\/a><\/div>[vc_empty_space height=\u00a0\u00bb120px\u00a0\u00bb][\/vc_column][\/vc_row][vc_row][vc_column offset=\u00a0\u00bbvc_col-lg-2 vc_col-md-2 vc_hidden-sm vc_col-xs-12 vc_hidden-xs\u00a0\u00bb][\/vc_column][vc_column offset=\u00a0\u00bbvc_col-lg-8 vc_col-md-8 vc_col-xs-12&Prime;][vc_empty_space height=\u00a0\u00bb75px\u00a0\u00bb]<div class=\"gt-heading gt-dark gt-size1 gt-align-center\"><div class=\"gt-title\">Nous <span>Contacter<\/span><\/div><\/div>[vc_empty_space height=\u00a0\u00bb60&Prime;][vc_separator]<div role=\"form\" class=\"wpcf7\" id=\"wpcf7-f2654-o1\" lang=\"en-US\" dir=\"ltr\">\n<div class=\"screen-reader-response\"><p role=\"status\" aria-live=\"polite\" aria-atomic=\"true\"><\/p> <ul><\/ul><\/div>\n<form action=\"\/fr\/wp-json\/wp\/v2\/pages\/2692#wpcf7-f2654-o1\" method=\"post\" class=\"wpcf7-form init\" novalidate=\"novalidate\" data-status=\"init\">\n<div style=\"display: none;\">\n<input type=\"hidden\" name=\"_wpcf7\" value=\"2654\" \/>\n<input type=\"hidden\" name=\"_wpcf7_version\" value=\"5.3\" \/>\n<input type=\"hidden\" name=\"_wpcf7_locale\" value=\"en_US\" \/>\n<input type=\"hidden\" name=\"_wpcf7_unit_tag\" value=\"wpcf7-f2654-o1\" \/>\n<input type=\"hidden\" name=\"_wpcf7_container_post\" value=\"0\" \/>\n<input type=\"hidden\" name=\"_wpcf7_posted_data_hash\" value=\"\" \/>\n<input type=\"hidden\" name=\"_wpcf7_recaptcha_response\" value=\"\" \/>\n<\/div>\n<div class=\"gt-columns gt-column-1 gt-column-space-15\">\n<div class=\"gt-col\">\n<div class=\"gt-inner\">\n      <label>Vous \u00eates: <\/label> <span class=\"wpcf7-form-control-wrap member-status\"><span class=\"wpcf7-form-control wpcf7-radio\"><span class=\"wpcf7-list-item first\"><label><span class=\"wpcf7-list-item-label\">Membre<\/span><input type=\"radio\" name=\"member-status\" value=\"Membre\" \/><\/label><\/span><span class=\"wpcf7-list-item last\"><label><span class=\"wpcf7-list-item-label\">Non-membre<\/span><input type=\"radio\" name=\"member-status\" value=\"Non-membre\" checked=\"checked\" \/><\/label><\/span><\/span><\/span>\n    <\/div><\/div>\n<div class=\"gt-col\">\n<div class=\"gt-inner\">\n      <span class=\"wpcf7-form-control-wrap your-name\"><input type=\"text\" name=\"your-name\" value=\"\" size=\"40\" class=\"wpcf7-form-control wpcf7-text wpcf7-validates-as-required\" aria-required=\"true\" aria-invalid=\"false\" placeholder=\"Votre nom*\" \/><\/span>\n    <\/div><\/div>\n<div class=\"gt-col\">\n<div class=\"gt-inner\">\n      <span class=\"wpcf7-form-control-wrap your-email\"><input type=\"email\" name=\"your-email\" value=\"\" size=\"40\" class=\"wpcf7-form-control wpcf7-text wpcf7-email wpcf7-validates-as-required wpcf7-validates-as-email\" aria-required=\"true\" aria-invalid=\"false\" placeholder=\"Adresse e-mail*\" \/><\/span>\n    <\/div><\/div>\n<div class=\"gt-col\">\n<div class=\"gt-inner\">\n      <span class=\"wpcf7-form-control-wrap your-subject\"><select name=\"your-subject\" class=\"wpcf7-form-control wpcf7-select wpcf7-validates-as-required\" aria-required=\"true\" aria-invalid=\"false\"><option value=\"Demande d\u2019informations\">Demande d\u2019informations<\/option><option value=\"Inscription \u00e0 la conf\u00e9rence\">Inscription \u00e0 la conf\u00e9rence<\/option><option value=\"Devenir membre\">Devenir membre<\/option><option value=\"Autre\">Autre<\/option><\/select><\/span>\n    <\/div><\/div>\n<div class=\"gt-col\">\n<div class=\"gt-inner\">\n      <span class=\"wpcf7-form-control-wrap your-message\"><textarea name=\"your-message\" cols=\"40\" rows=\"5\" class=\"wpcf7-form-control wpcf7-textarea\" aria-invalid=\"false\" placeholder=\"Message\"><\/textarea><\/span>\n    <\/div><\/div>\n<div class=\"gt-col\">\n<div class=\"gt-inner\">\n      <span class=\"wpcf7-form-control-wrap checkbox-403\"><span class=\"wpcf7-form-control wpcf7-checkbox wpcf7-validates-as-required\"><span class=\"wpcf7-list-item first last\"><input type=\"checkbox\" name=\"checkbox-403[]\" value=\"J&#039;accepte que le site collecte mes coordonn\u00e9es via ce formulaire.\" \/><span class=\"wpcf7-list-item-label\">J&#039;accepte que le site collecte mes coordonn\u00e9es via ce formulaire.<\/span><\/span><\/span><\/span>\n    <\/div><\/div>\n<div class=\"gt-col\">\n<div class=\"gt-inner\">\n<p>Ce site est prot\u00e9g\u00e9 par reCAPTCHA et Google <a href=\"https:\/\/policies.google.com\/privacy\" target=\"_blank\">Politique de confidentialit\u00e9<\/a> et <a href=\"https:\/\/policies.google.com\/terms\" target=\"_blank\">Conditions d'utilisation<\/a> s'appliquent.\n      <\/p>\n<\/p><\/div><\/div>\n<div class=\"gt-col\">\n<div class=\"gt-inner\">\n      <input type=\"submit\" value=\"Envoyer\" class=\"wpcf7-form-control wpcf7-submit\" \/>\n    <\/div><\/div>\n<\/div>\n<div class=\"wpcf7-response-output\" aria-hidden=\"true\"><\/div><\/form><\/div>[vc_empty_space height=\u00a0\u00bb120px\u00a0\u00bb][\/vc_column][vc_column offset=\u00a0\u00bbvc_col-lg-2 vc_col-md-2 vc_hidden-sm vc_col-xs-12 vc_hidden-xs\u00a0\u00bb][\/vc_column][\/vc_row]<\/p>\n","protected":false},"excerpt":{"rendered":"<p>[vc_row full_width=\u00a0\u00bbstretch_row_content_no_spaces\u00a0\u00bb full_height=\u00a0\u00bbyes\u00a0\u00bb el_id=\u00a0\u00bbblk-banner\u00a0\u00bb][vc_column][\/vc_column][vc_column el_id=\u00a0\u00bblogo-txt\u00a0\u00bb][vc_row_inner][vc_column_inner][vc_column_text] Hommage \u00e0 Jean Pierre M\u00e9gnin, fondateur et \u00e2me de l\u2019Association Lien de la Vigne C\u2019est avec une profonde tristesse que nous annon\u00e7ons le d\u00e9c\u00e8s de Jean Pierre M\u00e9gnin, figure centrale et charismatique du monde vitivinicole&#8230;<\/p>\n","protected":false},"author":2,"featured_media":0,"parent":0,"menu_order":0,"comment_status":"closed","ping_status":"closed","template":"","meta":{"_bbp_topic_count":0,"_bbp_reply_count":0,"_bbp_total_topic_count":0,"_bbp_total_reply_count":0,"_bbp_voice_count":0,"_bbp_anonymous_reply_count":0,"_bbp_topic_count_hidden":0,"_bbp_reply_count_hidden":0,"_bbp_forum_subforum_count":0},"yoast_head":"<!-- This site is optimized with the Yoast SEO plugin v15.3 - https:\/\/yoast.com\/wordpress\/plugins\/seo\/ -->\n<title>Accueil - Lien de la vigne - Vinelink International<\/title>\n<meta name=\"robots\" content=\"index, follow, max-snippet:-1, max-image-preview:large, max-video-preview:-1\" \/>\n<link rel=\"canonical\" href=\"https:\/\/www.liendelavigne.org\/fr\/\" \/>\n<meta property=\"og:locale\" content=\"fr_FR\" \/>\n<meta property=\"og:type\" content=\"article\" \/>\n<meta property=\"og:title\" content=\"Accueil - Lien de la vigne - Vinelink International\" \/>\n<meta property=\"og:description\" content=\"[vc_row full_width=\u00a0\u00bbstretch_row_content_no_spaces\u00a0\u00bb full_height=\u00a0\u00bbyes\u00a0\u00bb el_id=\u00a0\u00bbblk-banner\u00a0\u00bb][vc_column][\/vc_column][vc_column el_id=\u00a0\u00bblogo-txt\u00a0\u00bb][vc_row_inner][vc_column_inner][vc_column_text] Hommage \u00e0 Jean Pierre M\u00e9gnin, fondateur et \u00e2me de l\u2019Association Lien de la Vigne C\u2019est avec une profonde tristesse que nous annon\u00e7ons le d\u00e9c\u00e8s de Jean Pierre M\u00e9gnin, figure centrale et charismatique du monde vitivinicole...\" \/>\n<meta property=\"og:url\" content=\"https:\/\/www.liendelavigne.org\/fr\/\" \/>\n<meta property=\"og:site_name\" content=\"Lien de la vigne - Vinelink International\" \/>\n<meta property=\"article:modified_time\" content=\"2025-04-30T11:49:04+00:00\" \/>\n<meta property=\"og:image\" content=\"https:\/\/www.liendelavigne.org\/wp-content\/uploads\/2025\/04\/illus-jean-pierre-184x300.jpg\" \/>\n<meta name=\"twitter:card\" content=\"summary_large_image\" \/>\n<meta name=\"twitter:label1\" content=\"\u00c9crit par\">\n\t<meta name=\"twitter:data1\" content=\"Nawaaz\">\n\t<meta name=\"twitter:label2\" content=\"Dur\u00e9e de lecture est.\">\n\t<meta name=\"twitter:data2\" content=\"5 minutes\">\n<script type=\"application\/ld+json\" class=\"yoast-schema-graph\">{\"@context\":\"https:\/\/schema.org\",\"@graph\":[{\"@type\":\"Organization\",\"@id\":\"https:\/\/www.liendelavigne.org\/fr\/#organization\",\"name\":\"Vinelink\",\"url\":\"https:\/\/www.liendelavigne.org\/fr\/\",\"sameAs\":[],\"logo\":{\"@type\":\"ImageObject\",\"@id\":\"https:\/\/www.liendelavigne.org\/fr\/#logo\",\"inLanguage\":\"fr-FR\",\"url\":\"https:\/\/www.liendelavigne.org\/wp-content\/uploads\/2020\/08\/vinelink_logo.png\",\"width\":2550,\"height\":1579,\"caption\":\"Vinelink\"},\"image\":{\"@id\":\"https:\/\/www.liendelavigne.org\/fr\/#logo\"}},{\"@type\":\"WebSite\",\"@id\":\"https:\/\/www.liendelavigne.org\/fr\/#website\",\"url\":\"https:\/\/www.liendelavigne.org\/fr\/\",\"name\":\"Lien de la vigne - Vinelink International\",\"description\":\"Innovations dans la fili\\u00e8re vininternationale\",\"publisher\":{\"@id\":\"https:\/\/www.liendelavigne.org\/fr\/#organization\"},\"potentialAction\":[{\"@type\":\"SearchAction\",\"target\":\"https:\/\/www.liendelavigne.org\/fr\/?s={search_term_string}\",\"query-input\":\"required name=search_term_string\"}],\"inLanguage\":\"fr-FR\"},{\"@type\":\"ImageObject\",\"@id\":\"https:\/\/www.liendelavigne.org\/fr\/#primaryimage\",\"inLanguage\":\"fr-FR\",\"url\":\"https:\/\/www.liendelavigne.org\/wp-content\/uploads\/2025\/04\/illus-jean-pierre.jpg\",\"width\":900,\"height\":1464},{\"@type\":\"WebPage\",\"@id\":\"https:\/\/www.liendelavigne.org\/fr\/#webpage\",\"url\":\"https:\/\/www.liendelavigne.org\/fr\/\",\"name\":\"Accueil - Lien de la vigne - Vinelink International\",\"isPartOf\":{\"@id\":\"https:\/\/www.liendelavigne.org\/fr\/#website\"},\"primaryImageOfPage\":{\"@id\":\"https:\/\/www.liendelavigne.org\/fr\/#primaryimage\"},\"datePublished\":\"2020-07-31T14:37:25+00:00\",\"dateModified\":\"2025-04-30T11:49:04+00:00\",\"inLanguage\":\"fr-FR\",\"potentialAction\":[{\"@type\":\"ReadAction\",\"target\":[\"https:\/\/www.liendelavigne.org\/fr\/\"]}]}]}<\/script>\n<!-- \/ Yoast SEO plugin. -->","_links":{"self":[{"href":"https:\/\/www.liendelavigne.org\/fr\/wp-json\/wp\/v2\/pages\/2692"}],"collection":[{"href":"https:\/\/www.liendelavigne.org\/fr\/wp-json\/wp\/v2\/pages"}],"about":[{"href":"https:\/\/www.liendelavigne.org\/fr\/wp-json\/wp\/v2\/types\/page"}],"author":[{"embeddable":true,"href":"https:\/\/www.liendelavigne.org\/fr\/wp-json\/wp\/v2\/users\/2"}],"replies":[{"embeddable":true,"href":"https:\/\/www.liendelavigne.org\/fr\/wp-json\/wp\/v2\/comments?post=2692"}],"version-history":[{"count":186,"href":"https:\/\/www.liendelavigne.org\/fr\/wp-json\/wp\/v2\/pages\/2692\/revisions"}],"predecessor-version":[{"id":5346,"href":"https:\/\/www.liendelavigne.org\/fr\/wp-json\/wp\/v2\/pages\/2692\/revisions\/5346"}],"wp:attachment":[{"href":"https:\/\/www.liendelavigne.org\/fr\/wp-json\/wp\/v2\/media?parent=2692"}],"curies":[{"name":"wp","href":"https:\/\/api.w.org\/{rel}","templated":true}]}}