{"id":3033,"date":"2020-08-11T09:47:53","date_gmt":"2020-08-11T07:47:53","guid":{"rendered":"https:\/\/www.liendelavigne.org\/?page_id=3033"},"modified":"2020-11-27T14:51:40","modified_gmt":"2020-11-27T13:51:40","slug":"publications","status":"publish","type":"page","link":"https:\/\/www.liendelavigne.org\/fr\/publications\/","title":{"rendered":"Publications"},"content":{"rendered":"<p>[vc_row][vc_column]<div class=\"gt-blog gt-style2\"><div class=\"gt-columns gt-column-2 gt-column-space-30\"><div class=\"gt-col\"><div class=\"gt-inner\"><div class=\"gt-post-style-2\"><div class=\"gt-image\"><a href=\"https:\/\/www.liendelavigne.org\/fr\/2020\/09\/17\/4-novembre-2016-bioinformatique-pour-la-qualite-des-raisins\/\"><img width=\"420\" height=\"280\" class=\"attachment-eventchamp-small-post size-eventchamp-small-post gt-lazy-load wp-post-image\" alt=\"\" loading=\"lazy\" data-src=\"https:\/\/www.liendelavigne.org\/wp-content\/uploads\/2020\/09\/iStock-1083318734-scaled.jpg\" data-srcset=\"https:\/\/www.liendelavigne.org\/wp-content\/uploads\/2020\/09\/iStock-1083318734-scaled.jpg 2560w, https:\/\/www.liendelavigne.org\/wp-content\/uploads\/2020\/09\/iStock-1083318734-300x200.jpg 300w, https:\/\/www.liendelavigne.org\/wp-content\/uploads\/2020\/09\/iStock-1083318734-1024x684.jpg 1024w, https:\/\/www.liendelavigne.org\/wp-content\/uploads\/2020\/09\/iStock-1083318734-768x513.jpg 768w\" data-sizes=\"(max-width: 420px) 100vw, 420px\" \/><\/a><div class=\"gt-category\"><ul class=\"post-categories\">\n\t<li><a href=\"https:\/\/www.liendelavigne.org\/fr\/category\/rapport-des-ateliers\/\" rel=\"category tag\">Rapport des ateliers<\/a><\/li><\/ul><\/div><\/div><div class=\"gt-title\"><a href=\"https:\/\/www.liendelavigne.org\/fr\/2020\/09\/17\/4-novembre-2016-bioinformatique-pour-la-qualite-des-raisins\/\">4 novembre 2016 &#8211; Bioinformatique pour la qualit\u00e9 des raisins<\/a><\/div><\/div><\/div><\/div><div class=\"gt-col\"><div class=\"gt-inner\"><div class=\"gt-post-style-2\"><div class=\"gt-image\"><a href=\"https:\/\/www.liendelavigne.org\/fr\/2020\/09\/16\/esca-de-la-vigne-et-communaute-fongique\/\"><img width=\"420\" height=\"290\" class=\"attachment-eventchamp-small-post size-eventchamp-small-post gt-lazy-load wp-post-image\" alt=\"\" loading=\"lazy\" data-src=\"https:\/\/www.liendelavigne.org\/wp-content\/uploads\/2020\/09\/iStock-1045376246-420x290.jpg\" \/><\/a><div class=\"gt-category\"><ul class=\"post-categories\">\n\t<li><a href=\"https:\/\/www.liendelavigne.org\/fr\/category\/articles-de-vulgarisation\/\" rel=\"category tag\">Articles de vulgarisation<\/a><\/li><\/ul><\/div><\/div><div class=\"gt-title\"><a href=\"https:\/\/www.liendelavigne.org\/fr\/2020\/09\/16\/esca-de-la-vigne-et-communaute-fongique\/\">Esca de la vigne et communaut\u00e9 fongique<\/a><\/div><\/div><\/div><\/div><div class=\"gt-col\"><div class=\"gt-inner\"><div class=\"gt-post-style-2\"><div class=\"gt-image\"><a href=\"https:\/\/www.liendelavigne.org\/fr\/2020\/08\/14\/25-octobre-2012-atelier-dautomne-strategies-for-reducing-inputs-to-winegrowing-and-result\/\"><img width=\"420\" height=\"280\" class=\"attachment-eventchamp-small-post size-eventchamp-small-post gt-lazy-load wp-post-image\" alt=\"\" loading=\"lazy\" data-src=\"https:\/\/www.liendelavigne.org\/wp-content\/uploads\/2020\/09\/iStock-1083318734-scaled.jpg\" data-srcset=\"https:\/\/www.liendelavigne.org\/wp-content\/uploads\/2020\/09\/iStock-1083318734-scaled.jpg 2560w, https:\/\/www.liendelavigne.org\/wp-content\/uploads\/2020\/09\/iStock-1083318734-300x200.jpg 300w, https:\/\/www.liendelavigne.org\/wp-content\/uploads\/2020\/09\/iStock-1083318734-1024x684.jpg 1024w, https:\/\/www.liendelavigne.org\/wp-content\/uploads\/2020\/09\/iStock-1083318734-768x513.jpg 768w\" data-sizes=\"(max-width: 420px) 100vw, 420px\" \/><\/a><div class=\"gt-category\"><ul class=\"post-categories\">\n\t<li><a href=\"https:\/\/www.liendelavigne.org\/fr\/category\/rapport-des-ateliers\/\" rel=\"category tag\">Rapport des ateliers<\/a><\/li><\/ul><\/div><\/div><div class=\"gt-title\"><a href=\"https:\/\/www.liendelavigne.org\/fr\/2020\/08\/14\/25-octobre-2012-atelier-dautomne-strategies-for-reducing-inputs-to-winegrowing-and-result\/\">25 Octobre 2012 &#8211; ATELIER D\u2019AUTOMNE Strategies for Reducing Inputs to Winegrowing and Result<\/a><\/div><\/div><\/div><\/div><div class=\"gt-col\"><div class=\"gt-inner\"><div class=\"gt-post-style-2\"><div class=\"gt-image\"><a href=\"https:\/\/www.liendelavigne.org\/fr\/2020\/08\/14\/virus-diseases-summary-of-the-answers-from-interviewed-scientists\/\"><img width=\"420\" height=\"280\" class=\"attachment-eventchamp-small-post size-eventchamp-small-post gt-lazy-load wp-post-image\" alt=\"\" loading=\"lazy\" data-src=\"https:\/\/www.liendelavigne.org\/wp-content\/uploads\/2020\/08\/maksym-kaharlytskyi-WO0ANZ7gtK0-unsplash-scaled.jpg\" data-srcset=\"https:\/\/www.liendelavigne.org\/wp-content\/uploads\/2020\/08\/maksym-kaharlytskyi-WO0ANZ7gtK0-unsplash-scaled.jpg 2560w, https:\/\/www.liendelavigne.org\/wp-content\/uploads\/2020\/08\/maksym-kaharlytskyi-WO0ANZ7gtK0-unsplash-300x200.jpg 300w, https:\/\/www.liendelavigne.org\/wp-content\/uploads\/2020\/08\/maksym-kaharlytskyi-WO0ANZ7gtK0-unsplash-1024x684.jpg 1024w, https:\/\/www.liendelavigne.org\/wp-content\/uploads\/2020\/08\/maksym-kaharlytskyi-WO0ANZ7gtK0-unsplash-768x513.jpg 768w\" data-sizes=\"(max-width: 420px) 100vw, 420px\" \/><\/a><div class=\"gt-category\"><ul class=\"post-categories\">\n\t<li><a href=\"https:\/\/www.liendelavigne.org\/fr\/category\/rapport-des-ateliers\/\" rel=\"category tag\">Rapport des ateliers<\/a><\/li><\/ul><\/div><\/div><div class=\"gt-title\"><a href=\"https:\/\/www.liendelavigne.org\/fr\/2020\/08\/14\/virus-diseases-summary-of-the-answers-from-interviewed-scientists\/\">Virus Diseases: Summary of the answers from interviewed scientists<\/a><\/div><\/div><\/div><\/div><div class=\"gt-col\"><div class=\"gt-inner\"><div class=\"gt-post-style-2\"><div class=\"gt-image\"><a href=\"https:\/\/www.liendelavigne.org\/fr\/2020\/08\/13\/grapevine-diseases-deadlocks\/\"><img width=\"420\" height=\"290\" class=\"attachment-eventchamp-small-post size-eventchamp-small-post gt-lazy-load wp-post-image\" alt=\"\" loading=\"lazy\" data-src=\"https:\/\/www.liendelavigne.org\/wp-content\/uploads\/2020\/08\/iStock-1133734748-420x290.jpg\" \/><\/a><div class=\"gt-category\"><ul class=\"post-categories\">\n\t<li><a href=\"https:\/\/www.liendelavigne.org\/fr\/category\/rapport-des-ateliers\/\" rel=\"category tag\">Rapport des ateliers<\/a><\/li><\/ul><\/div><\/div><div class=\"gt-title\"><a href=\"https:\/\/www.liendelavigne.org\/fr\/2020\/08\/13\/grapevine-diseases-deadlocks\/\">Grapevine diseases deadlocks<\/a><\/div><\/div><\/div><\/div><div class=\"gt-col\"><div class=\"gt-inner\"><div class=\"gt-post-style-2\"><div class=\"gt-image\"><a href=\"https:\/\/www.liendelavigne.org\/fr\/2020\/08\/13\/mycolaexins-2009\/\"><img width=\"420\" height=\"280\" class=\"attachment-eventchamp-small-post size-eventchamp-small-post gt-lazy-load wp-post-image\" alt=\"\" loading=\"lazy\" data-src=\"https:\/\/www.liendelavigne.org\/wp-content\/uploads\/2020\/09\/iStock-513783437-scaled.jpg\" data-srcset=\"https:\/\/www.liendelavigne.org\/wp-content\/uploads\/2020\/09\/iStock-513783437-scaled.jpg 2560w, https:\/\/www.liendelavigne.org\/wp-content\/uploads\/2020\/09\/iStock-513783437-300x200.jpg 300w, https:\/\/www.liendelavigne.org\/wp-content\/uploads\/2020\/09\/iStock-513783437-1024x683.jpg 1024w, https:\/\/www.liendelavigne.org\/wp-content\/uploads\/2020\/09\/iStock-513783437-768x513.jpg 768w\" data-sizes=\"(max-width: 420px) 100vw, 420px\" \/><\/a><div class=\"gt-category\"><ul class=\"post-categories\">\n\t<li><a href=\"https:\/\/www.liendelavigne.org\/fr\/category\/publications-scientifiques\/\" rel=\"category tag\">Publications scientifiques<\/a><\/li><\/ul><\/div><\/div><div class=\"gt-title\"><a href=\"https:\/\/www.liendelavigne.org\/fr\/2020\/08\/13\/mycolaexins-2009\/\">Mycolaexins &#8211; 2009<\/a><\/div><\/div><\/div><\/div><div class=\"gt-col\"><div class=\"gt-inner\"><div class=\"gt-post-style-2\"><div class=\"gt-image\"><a href=\"https:\/\/www.liendelavigne.org\/fr\/2020\/08\/12\/marketing-et-economie-du-vin\/\"><img width=\"420\" height=\"290\" class=\"attachment-eventchamp-small-post size-eventchamp-small-post gt-lazy-load wp-post-image\" alt=\"\" loading=\"lazy\" data-src=\"https:\/\/www.liendelavigne.org\/wp-content\/uploads\/2020\/08\/056-lavaux-suisse-IMG_7533IMG_7638106-Copie-420x290.jpg\" \/><\/a><div class=\"gt-category\"><ul class=\"post-categories\">\n\t<li><a href=\"https:\/\/www.liendelavigne.org\/fr\/category\/marketing-et-economie-du-vin\/\" rel=\"category tag\">Marketing et \u00e9conomie du vin<\/a><\/li><\/ul><\/div><\/div><div class=\"gt-title\"><a href=\"https:\/\/www.liendelavigne.org\/fr\/2020\/08\/12\/marketing-et-economie-du-vin\/\">Marketing et \u00e9conomie du vin<\/a><\/div><\/div><\/div><\/div><div class=\"gt-col\"><div class=\"gt-inner\"><div class=\"gt-post-style-2\"><div class=\"gt-image\"><a href=\"https:\/\/www.liendelavigne.org\/fr\/2020\/08\/12\/flavescence-doreerapport-intermediaire-de-synthese-sur-les-reponses-fournis-par-les-scientifiques\/\"><img width=\"420\" height=\"280\" class=\"attachment-eventchamp-small-post size-eventchamp-small-post gt-lazy-load wp-post-image\" alt=\"\" loading=\"lazy\" data-src=\"https:\/\/www.liendelavigne.org\/wp-content\/uploads\/2020\/08\/iStock-1132040786-scaled.jpg\" data-srcset=\"https:\/\/www.liendelavigne.org\/wp-content\/uploads\/2020\/08\/iStock-1132040786-scaled.jpg 2560w, https:\/\/www.liendelavigne.org\/wp-content\/uploads\/2020\/08\/iStock-1132040786-300x200.jpg 300w, https:\/\/www.liendelavigne.org\/wp-content\/uploads\/2020\/08\/iStock-1132040786-1024x683.jpg 1024w, https:\/\/www.liendelavigne.org\/wp-content\/uploads\/2020\/08\/iStock-1132040786-768x512.jpg 768w, https:\/\/www.liendelavigne.org\/wp-content\/uploads\/2020\/08\/iStock-1132040786-1536x1024.jpg 1536w\" data-sizes=\"(max-width: 420px) 100vw, 420px\" \/><\/a><div class=\"gt-category\"><ul class=\"post-categories\">\n\t<li><a href=\"https:\/\/www.liendelavigne.org\/fr\/category\/rapport-des-ateliers\/\" rel=\"category tag\">Rapport des ateliers<\/a><\/li><\/ul><\/div><\/div><div class=\"gt-title\"><a href=\"https:\/\/www.liendelavigne.org\/fr\/2020\/08\/12\/flavescence-doreerapport-intermediaire-de-synthese-sur-les-reponses-fournis-par-les-scientifiques\/\">Flavescence dor\u00e9eRapport interm\u00e9diaire de synth\u00e8se sur les r\u00e9ponses fournis par les scientifiques<\/a><\/div><\/div><\/div><\/div><div class=\"gt-col\"><div class=\"gt-inner\"><div class=\"gt-post-style-2\"><div class=\"gt-image\"><a href=\"https:\/\/www.liendelavigne.org\/fr\/2020\/08\/12\/maladies-du-bois-k-gindro-v-hofstetter-g-ferrari-2014\/\"><img width=\"420\" height=\"290\" class=\"attachment-eventchamp-small-post size-eventchamp-small-post gt-lazy-load wp-post-image\" alt=\"\" loading=\"lazy\" data-src=\"https:\/\/www.liendelavigne.org\/wp-content\/uploads\/2020\/08\/wood_disease-420x290.jpg\" \/><\/a><div class=\"gt-category\"><ul class=\"post-categories\">\n\t<li><a href=\"https:\/\/www.liendelavigne.org\/fr\/category\/rapport-des-ateliers\/\" rel=\"category tag\">Rapport des ateliers<\/a><\/li><\/ul><\/div><\/div><div class=\"gt-title\"><a href=\"https:\/\/www.liendelavigne.org\/fr\/2020\/08\/12\/maladies-du-bois-k-gindro-v-hofstetter-g-ferrari-2014\/\">Maladies du bois &#8211; K. GINDRO, V. HOFSTETTER, G. FERRARI (2014)<\/a><\/div><\/div><\/div><\/div><div class=\"gt-col\"><div class=\"gt-inner\"><div class=\"gt-post-style-2\"><div class=\"gt-image\"><a href=\"https:\/\/www.liendelavigne.org\/fr\/2020\/08\/11\/23-octobre-2014-maladies-viticoles-en-impasse-principaux-points-evoques\/\"><img width=\"420\" height=\"290\" class=\"attachment-eventchamp-small-post size-eventchamp-small-post gt-lazy-load wp-post-image\" alt=\"\" loading=\"lazy\" data-src=\"https:\/\/www.liendelavigne.org\/wp-content\/uploads\/2020\/08\/jaime-casap-tjkNAG4rYz0-unsplash-420x290.jpg\" \/><\/a><div class=\"gt-category\"><ul class=\"post-categories\">\n\t<li><a href=\"https:\/\/www.liendelavigne.org\/fr\/category\/rapport-des-ateliers\/\" rel=\"category tag\">Rapport des ateliers<\/a><\/li><\/ul><\/div><\/div><div class=\"gt-title\"><a href=\"https:\/\/www.liendelavigne.org\/fr\/2020\/08\/11\/23-octobre-2014-maladies-viticoles-en-impasse-principaux-points-evoques\/\">23 octobre 2014 &#8211; Maladies viticoles en impasse &#8211; Principaux points \u00e9voqu\u00e9s<\/a><\/div><\/div><\/div><\/div><\/div><nav class=\"gt-pagination\"><ul><li><a href=\"https:\/\/www.liendelavigne.org\/fr\/wp-json\/wp\/v2\/pages\/3033\/page\/2\/\" >Suivant<\/a><\/li><\/ul><\/nav><\/div>[\/vc_column][\/vc_row]<\/p>\n","protected":false},"excerpt":{"rendered":"<p>[vc_row][vc_column][\/vc_column][\/vc_row]<\/p>\n","protected":false},"author":12,"featured_media":0,"parent":0,"menu_order":0,"comment_status":"closed","ping_status":"closed","template":"","meta":{"_bbp_topic_count":0,"_bbp_reply_count":0,"_bbp_total_topic_count":0,"_bbp_total_reply_count":0,"_bbp_voice_count":0,"_bbp_anonymous_reply_count":0,"_bbp_topic_count_hidden":0,"_bbp_reply_count_hidden":0,"_bbp_forum_subforum_count":0},"yoast_head":"<!-- This site is optimized with the Yoast SEO plugin v15.3 - https:\/\/yoast.com\/wordpress\/plugins\/seo\/ -->\n<title>Publications - Lien de la vigne - Vinelink International<\/title>\n<meta name=\"robots\" content=\"index, follow, max-snippet:-1, max-image-preview:large, max-video-preview:-1\" \/>\n<link rel=\"canonical\" href=\"https:\/\/www.liendelavigne.org\/fr\/publications\/\" \/>\n<meta property=\"og:locale\" content=\"fr_FR\" \/>\n<meta property=\"og:type\" content=\"article\" \/>\n<meta property=\"og:title\" content=\"Publications - Lien de la vigne - Vinelink International\" \/>\n<meta property=\"og:description\" content=\"[vc_row][vc_column][\/vc_column][\/vc_row]\" \/>\n<meta property=\"og:url\" content=\"https:\/\/www.liendelavigne.org\/fr\/publications\/\" \/>\n<meta property=\"og:site_name\" content=\"Lien de la vigne - Vinelink International\" \/>\n<meta property=\"article:modified_time\" content=\"2020-11-27T13:51:40+00:00\" \/>\n<meta name=\"twitter:card\" content=\"summary_large_image\" \/>\n<meta name=\"twitter:label1\" content=\"\u00c9crit par\">\n\t<meta name=\"twitter:data1\" content=\"Elodie Rakotoson\">\n\t<meta name=\"twitter:label2\" content=\"Dur\u00e9e de lecture est.\">\n\t<meta name=\"twitter:data2\" content=\"0 minute\">\n<script type=\"application\/ld+json\" class=\"yoast-schema-graph\">{\"@context\":\"https:\/\/schema.org\",\"@graph\":[{\"@type\":\"Organization\",\"@id\":\"https:\/\/www.liendelavigne.org\/fr\/#organization\",\"name\":\"Vinelink\",\"url\":\"https:\/\/www.liendelavigne.org\/fr\/\",\"sameAs\":[],\"logo\":{\"@type\":\"ImageObject\",\"@id\":\"https:\/\/www.liendelavigne.org\/fr\/#logo\",\"inLanguage\":\"fr-FR\",\"url\":\"https:\/\/www.liendelavigne.org\/wp-content\/uploads\/2020\/08\/vinelink_logo.png\",\"width\":2550,\"height\":1579,\"caption\":\"Vinelink\"},\"image\":{\"@id\":\"https:\/\/www.liendelavigne.org\/fr\/#logo\"}},{\"@type\":\"WebSite\",\"@id\":\"https:\/\/www.liendelavigne.org\/fr\/#website\",\"url\":\"https:\/\/www.liendelavigne.org\/fr\/\",\"name\":\"Lien de la vigne - Vinelink International\",\"description\":\"Innovations dans la fili\\u00e8re vininternationale\",\"publisher\":{\"@id\":\"https:\/\/www.liendelavigne.org\/fr\/#organization\"},\"potentialAction\":[{\"@type\":\"SearchAction\",\"target\":\"https:\/\/www.liendelavigne.org\/fr\/?s={search_term_string}\",\"query-input\":\"required name=search_term_string\"}],\"inLanguage\":\"fr-FR\"},{\"@type\":\"WebPage\",\"@id\":\"https:\/\/www.liendelavigne.org\/fr\/publications\/#webpage\",\"url\":\"https:\/\/www.liendelavigne.org\/fr\/publications\/\",\"name\":\"Publications - Lien de la vigne - Vinelink International\",\"isPartOf\":{\"@id\":\"https:\/\/www.liendelavigne.org\/fr\/#website\"},\"datePublished\":\"2020-08-11T07:47:53+00:00\",\"dateModified\":\"2020-11-27T13:51:40+00:00\",\"inLanguage\":\"fr-FR\",\"potentialAction\":[{\"@type\":\"ReadAction\",\"target\":[\"https:\/\/www.liendelavigne.org\/fr\/publications\/\"]}]}]}<\/script>\n<!-- \/ Yoast SEO plugin. -->","_links":{"self":[{"href":"https:\/\/www.liendelavigne.org\/fr\/wp-json\/wp\/v2\/pages\/3033"}],"collection":[{"href":"https:\/\/www.liendelavigne.org\/fr\/wp-json\/wp\/v2\/pages"}],"about":[{"href":"https:\/\/www.liendelavigne.org\/fr\/wp-json\/wp\/v2\/types\/page"}],"author":[{"embeddable":true,"href":"https:\/\/www.liendelavigne.org\/fr\/wp-json\/wp\/v2\/users\/12"}],"replies":[{"embeddable":true,"href":"https:\/\/www.liendelavigne.org\/fr\/wp-json\/wp\/v2\/comments?post=3033"}],"version-history":[{"count":3,"href":"https:\/\/www.liendelavigne.org\/fr\/wp-json\/wp\/v2\/pages\/3033\/revisions"}],"predecessor-version":[{"id":5016,"href":"https:\/\/www.liendelavigne.org\/fr\/wp-json\/wp\/v2\/pages\/3033\/revisions\/5016"}],"wp:attachment":[{"href":"https:\/\/www.liendelavigne.org\/fr\/wp-json\/wp\/v2\/media?parent=3033"}],"curies":[{"name":"wp","href":"https:\/\/api.w.org\/{rel}","templated":true}]}}