{"id":3319,"date":"2020-08-13T11:02:02","date_gmt":"2020-08-13T09:02:02","guid":{"rendered":"https:\/\/www.liendelavigne.org\/?page_id=3319"},"modified":"2020-11-16T11:44:16","modified_gmt":"2020-11-16T10:44:16","slug":"evolutions-recentes","status":"publish","type":"page","link":"https:\/\/www.liendelavigne.org\/fr\/evolutions-recentes\/","title":{"rendered":"\u00c9volutions r\u00e9centes"},"content":{"rendered":"<p>[vc_row][vc_column][vc_column_text]<\/p>\n<h3>Depuis quelques ann\u00e9es notre association a connu un accroissement de ses membres priv\u00e9s dans divers domaines :<\/h3>\n<p>[\/vc_column_text][vc_column_text]<\/p>\n<ol>\n<li><strong>G\u00e9ographiques<\/strong> d\u2019abord, avec une notable augmentation des membres en <strong>Italie (Toblino, Ruffino, Giv Bolla, Ferrari Trento)<\/strong>, et de nouvelles nationalit\u00e9s comme le <strong>Royaume-Uni ( Gusbourne )<\/strong>, et la <strong>Bulgarie (Midalidare)<\/strong> qui nous ont rejoints.<\/li>\n<li>Ensuite <strong>le Centre Interprofessionnel du Trentin en Italie<\/strong> est venu compl\u00e9ter ceux de <strong>Champagne<\/strong>, de <strong>Cognac<\/strong> ou de la <strong>Loire<\/strong>.<\/li>\n<li>Enfin nous avons compl\u00e9t\u00e9 notre gamme de m\u00e9tiers du vin en accueillant le <strong>p\u00e9pinieriste Vivai Rauscedo, Eurostampa <\/strong>pour l&rsquo;impression de nos \u00e9tiquettes. Par ailleurs nous ont rejoints au cours de nos 2 derni\u00e8res op\u00e9rations annuelles <strong>un grand nombre de soci\u00e9t\u00e9s technologiques innovantes<\/strong> pour accompagner la digitalisation de notre profession <strong>(Diimotion, Intellioeno, Ipadlab, Imageline,\u00a0 Fruition Sciences, Geocarta).<br \/>\nEn 2019 nous avons accueilli les soci\u00e9t\u00e9s ITK Cap Alpha , Pellenc et Oeneo.<\/strong><\/li>\n<\/ol>\n<p>[\/vc_column_text][vc_empty_space height=\u00a0\u00bb20px\u00a0\u00bb][vc_single_image image=\u00a0\u00bb2758&Prime; img_size=\u00a0\u00bbfull\u00a0\u00bb][vc_empty_space height=\u00a0\u00bb5px\u00a0\u00bb][vc_column_text]<\/p>\n<h3>Depuis 2017 l\u2019association a engag\u00e9 2 programmes majeurs sur la fili\u00e8re vin :<\/h3>\n<p>[\/vc_column_text][vc_column_text]<\/p>\n<ul>\n<li>Un programme sur la transition \u00e9cologique avec l\u2019adaptation aux changements climatiques et la r\u00e9duction de l\u2019usage des pesticides.<\/li>\n<li>Un programme sur la transition digitale avec les nouveaux outils d\u2019aide \u00e0 la d\u00e9cision et les applications de l\u2019intelligence artificielle \u00e0 la gestion des structures op\u00e9rationnelles, commerciales et de l\u2019innovation.<\/li>\n<\/ul>\n<p>L\u2019 approche conjointe de ces 2 grands th\u00e8mes pr\u00e9sent\u00e9s dans le cadre de la Conf\u00e9rence Lien de la Vigne 2019 est r\u00e9sum\u00e9e par l\u2019article d\u2019Alessandra Biondi Bartolini <strong>\u00ab\u00a0Les enjeux de la g\u00e9n\u00e9tique et du num\u00e9rique dans le vignoble \u00e0 l\u2019honneur \u00e0 Paris\u00a0\u00bb<\/strong> article mis en ligne avec les r\u00e9f\u00e9rences des journaux qui l\u2019ont publi\u00e9.<\/p>\n<p>R\u00e9sum\u00e9 de la conf\u00e9rence 2019 \u00a0<a class=\"btn-link\" href=\"https:\/\/www.liendelavigne.org\/wp-content\/uploads\/2020\/08\/Resume_francais_conference_2019-3.pdf\" target=\"_blank\" rel=\"noopener noreferrer\">T\u00e9l\u00e9charger<\/a>[\/vc_column_text][\/vc_column][\/vc_row]<\/p>\n","protected":false},"excerpt":{"rendered":"<p>[vc_row][vc_column][vc_column_text] Depuis quelques ann\u00e9es notre association a connu un accroissement de ses membres priv\u00e9s dans divers domaines : [\/vc_column_text][vc_column_text] G\u00e9ographiques d\u2019abord, avec une notable augmentation des membres en Italie (Toblino, Ruffino, Giv Bolla, Ferrari Trento), et de nouvelles nationalit\u00e9s comme&#8230;<\/p>\n","protected":false},"author":2,"featured_media":0,"parent":0,"menu_order":0,"comment_status":"closed","ping_status":"closed","template":"","meta":{"_bbp_topic_count":0,"_bbp_reply_count":0,"_bbp_total_topic_count":0,"_bbp_total_reply_count":0,"_bbp_voice_count":0,"_bbp_anonymous_reply_count":0,"_bbp_topic_count_hidden":0,"_bbp_reply_count_hidden":0,"_bbp_forum_subforum_count":0},"yoast_head":"<!-- This site is optimized with the Yoast SEO plugin v15.3 - https:\/\/yoast.com\/wordpress\/plugins\/seo\/ -->\n<title>\u00c9volutions r\u00e9centes - Lien de la vigne - Vinelink International<\/title>\n<meta name=\"robots\" content=\"index, follow, max-snippet:-1, max-image-preview:large, max-video-preview:-1\" \/>\n<link rel=\"canonical\" href=\"https:\/\/www.liendelavigne.org\/fr\/evolutions-recentes\/\" \/>\n<meta property=\"og:locale\" content=\"fr_FR\" \/>\n<meta property=\"og:type\" content=\"article\" \/>\n<meta property=\"og:title\" content=\"\u00c9volutions r\u00e9centes - Lien de la vigne - Vinelink International\" \/>\n<meta property=\"og:description\" content=\"[vc_row][vc_column][vc_column_text] Depuis quelques ann\u00e9es notre association a connu un accroissement de ses membres priv\u00e9s dans divers domaines : [\/vc_column_text][vc_column_text] G\u00e9ographiques d\u2019abord, avec une notable augmentation des membres en Italie (Toblino, Ruffino, Giv Bolla, Ferrari Trento), et de nouvelles nationalit\u00e9s comme...\" \/>\n<meta property=\"og:url\" content=\"https:\/\/www.liendelavigne.org\/fr\/evolutions-recentes\/\" \/>\n<meta property=\"og:site_name\" content=\"Lien de la vigne - Vinelink International\" \/>\n<meta property=\"article:modified_time\" content=\"2020-11-16T10:44:16+00:00\" \/>\n<meta name=\"twitter:card\" content=\"summary_large_image\" \/>\n<meta name=\"twitter:label1\" content=\"\u00c9crit par\">\n\t<meta name=\"twitter:data1\" content=\"Nawaaz\">\n\t<meta name=\"twitter:label2\" content=\"Dur\u00e9e de lecture est.\">\n\t<meta name=\"twitter:data2\" content=\"1 minute\">\n<script type=\"application\/ld+json\" class=\"yoast-schema-graph\">{\"@context\":\"https:\/\/schema.org\",\"@graph\":[{\"@type\":\"Organization\",\"@id\":\"https:\/\/www.liendelavigne.org\/fr\/#organization\",\"name\":\"Vinelink\",\"url\":\"https:\/\/www.liendelavigne.org\/fr\/\",\"sameAs\":[],\"logo\":{\"@type\":\"ImageObject\",\"@id\":\"https:\/\/www.liendelavigne.org\/fr\/#logo\",\"inLanguage\":\"fr-FR\",\"url\":\"https:\/\/www.liendelavigne.org\/wp-content\/uploads\/2020\/08\/vinelink_logo.png\",\"width\":2550,\"height\":1579,\"caption\":\"Vinelink\"},\"image\":{\"@id\":\"https:\/\/www.liendelavigne.org\/fr\/#logo\"}},{\"@type\":\"WebSite\",\"@id\":\"https:\/\/www.liendelavigne.org\/fr\/#website\",\"url\":\"https:\/\/www.liendelavigne.org\/fr\/\",\"name\":\"Lien de la vigne - Vinelink International\",\"description\":\"Innovations dans la fili\\u00e8re vininternationale\",\"publisher\":{\"@id\":\"https:\/\/www.liendelavigne.org\/fr\/#organization\"},\"potentialAction\":[{\"@type\":\"SearchAction\",\"target\":\"https:\/\/www.liendelavigne.org\/fr\/?s={search_term_string}\",\"query-input\":\"required name=search_term_string\"}],\"inLanguage\":\"fr-FR\"},{\"@type\":\"WebPage\",\"@id\":\"https:\/\/www.liendelavigne.org\/fr\/evolutions-recentes\/#webpage\",\"url\":\"https:\/\/www.liendelavigne.org\/fr\/evolutions-recentes\/\",\"name\":\"\\u00c9volutions r\\u00e9centes - Lien de la vigne - Vinelink International\",\"isPartOf\":{\"@id\":\"https:\/\/www.liendelavigne.org\/fr\/#website\"},\"datePublished\":\"2020-08-13T09:02:02+00:00\",\"dateModified\":\"2020-11-16T10:44:16+00:00\",\"inLanguage\":\"fr-FR\",\"potentialAction\":[{\"@type\":\"ReadAction\",\"target\":[\"https:\/\/www.liendelavigne.org\/fr\/evolutions-recentes\/\"]}]}]}<\/script>\n<!-- \/ Yoast SEO plugin. -->","_links":{"self":[{"href":"https:\/\/www.liendelavigne.org\/fr\/wp-json\/wp\/v2\/pages\/3319"}],"collection":[{"href":"https:\/\/www.liendelavigne.org\/fr\/wp-json\/wp\/v2\/pages"}],"about":[{"href":"https:\/\/www.liendelavigne.org\/fr\/wp-json\/wp\/v2\/types\/page"}],"author":[{"embeddable":true,"href":"https:\/\/www.liendelavigne.org\/fr\/wp-json\/wp\/v2\/users\/2"}],"replies":[{"embeddable":true,"href":"https:\/\/www.liendelavigne.org\/fr\/wp-json\/wp\/v2\/comments?post=3319"}],"version-history":[{"count":30,"href":"https:\/\/www.liendelavigne.org\/fr\/wp-json\/wp\/v2\/pages\/3319\/revisions"}],"predecessor-version":[{"id":4320,"href":"https:\/\/www.liendelavigne.org\/fr\/wp-json\/wp\/v2\/pages\/3319\/revisions\/4320"}],"wp:attachment":[{"href":"https:\/\/www.liendelavigne.org\/fr\/wp-json\/wp\/v2\/media?parent=3319"}],"curies":[{"name":"wp","href":"https:\/\/api.w.org\/{rel}","templated":true}]}}