{"id":3754,"date":"2020-08-28T14:23:22","date_gmt":"2020-08-28T12:23:22","guid":{"rendered":"https:\/\/www.liendelavigne.org\/?page_id=3754"},"modified":"2021-01-08T08:01:51","modified_gmt":"2021-01-08T07:01:51","slug":"qui-sommes-nous","status":"publish","type":"page","link":"https:\/\/www.liendelavigne.org\/fr\/qui-sommes-nous\/","title":{"rendered":"Qui Sommes Nous"},"content":{"rendered":"<p>[vc_row css=\u00a0\u00bb.vc_custom_1599819962322{background-color: #ffffff !important;}\u00a0\u00bb][vc_column offset=\u00a0\u00bbvc_col-lg-1 vc_col-md-1 vc_col-xs-12&Prime;][\/vc_column][vc_column offset=\u00a0\u00bbvc_col-lg-10 vc_col-md-10 vc_col-xs-12&Prime;]<div class=\"gt-heading gt-dark gt-size1 gt-align-center\"><div class=\"gt-title\">Un Lien pour la recherche et l&#039;innovation vitivinicole internationale<\/div><\/div>[vc_empty_space height=\u00a0\u00bb55px\u00a0\u00bb][vc_row_inner css=\u00a0\u00bb.vc_custom_1599820596604{padding-bottom: 30px !important;}\u00a0\u00bb][vc_column_inner width=\u00a0\u00bb1\/2&Prime;][vc_column_text]<strong>L\u2019Association Lien de la vigne (VINELINK INTERNATIONAL), b\u00e2tie sur le principe d\u2019une mise en commun de l\u2019effort innovateur est d\u2019abord un lieu d\u2019\u00e9changes, un laboratoire de r\u00e9flexions technologiques et \u00e9conomiques ind\u00e9pendant de toute influence nationale ou particuli\u00e8re. C\u2019est en 1992 que quelques professionnels du vin et quelques chercheurs publics de diff\u00e9rentes nationalit\u00e9s ont constitu\u00e9 le Lien de la Vigne rassemblant scientifiques et professionnels du monde entier convaincus de l\u2019importance de d\u00e9velopper l\u2019innovation au sein du m\u00e9tier.<\/strong><\/p>\n<p>La cr\u00e9ation de l\u2019association est issue du constat que de nombreux probl\u00e8mes majeurs de la profession vitivinicole sont souvent les m\u00eames d\u2019un pays ou d\u2019une r\u00e9gion \u00e0 l\u2019autre : de nombreuses maladies graves de la vigne sont par exemple dans ce cas. Il est en effet souhaitable que sur les probl\u00e8mes les plus cruciaux et souvent les plus co\u00fbteux, les travaux de recherche associent les pays ou r\u00e9gions concern\u00e9s, d\u2019abord pour utiliser au mieux des moyens toujours limit\u00e9s et \u00e9galement pour mieux atteindre la taille critique en combinant les expertises compl\u00e9mentaires de plusieurs r\u00e9gions. L\u2019association a d\u00e9j\u00e0 organis\u00e9 un grand nombre de programmes de recherche : tout d\u2019abord dans le domaine de la production vitivinicole deux grands axes : les maladies de la vigne et la maturation de la baie de raisin.<\/p>\n<p>Elle s\u2019est \u00e9galement mobilis\u00e9e sur des op\u00e9rations ponctuelles concernant la communication vers le consommateur de vin : French Paradox, Jeunes Amis du Vin, op\u00e9rations Go\u00fbt et Sant\u00e9, s\u00e9ances de sensibilisation de nouveaux consommateurs. Ces derni\u00e8res ann\u00e9es l\u2019association s\u2019est int\u00e9ress\u00e9e \u00e0 la perception sensorielle des vins, un cycle de 3 ans a \u00e9t\u00e9 consacr\u00e9 aux maladies viticoles en impasse et \u00e0 la r\u00e9duction des intrants viticoles, et r\u00e9cemment un nouveau cycle de 3 ans est en cours consacr\u00e9 \u00e0 l\u2019analyse et au pilotage de la qualit\u00e9 des vins.[\/vc_column_text][\/vc_column_inner][vc_column_inner width=\u00a0\u00bb1\/2&Prime;][vc_single_image image=\u00a0\u00bb3972&Prime; img_size=\u00a0\u00bbfull\u00a0\u00bb][\/vc_column_inner][\/vc_row_inner][\/vc_column][vc_column offset=\u00a0\u00bbvc_col-lg-1 vc_col-md-1 vc_col-xs-12&Prime;][\/vc_column][\/vc_row][vc_row full_width=\u00a0\u00bbstretch_row\u00a0\u00bb css=\u00a0\u00bb.vc_custom_1599821568381{padding-top: 30px !important;}\u00a0\u00bb][vc_column offset=\u00a0\u00bbvc_col-lg-1 vc_col-md-1 vc_col-xs-12&Prime;][\/vc_column][vc_column offset=\u00a0\u00bbvc_col-lg-10 vc_col-md-10 vc_col-xs-12&Prime;][vc_row_inner el_class=\u00a0\u00bbblk-about\u00a0\u00bb][vc_column_inner width=\u00a0\u00bb1\/2&Prime; offset=\u00a0\u00bbvc_col-lg-3 vc_col-md-3 vc_col-xs-12&Prime;]<div class=\"gt-eventchamp-service-box gt-style-1 gt-align-center\"><div class=\"gt-icon\"><i class=\"fas fa-users\"><\/i><\/div><div class=\"gt-title\">Association Ind\u00e9pendante<\/div><\/div>[vc_empty_space height=\u00a0\u00bb30px\u00a0\u00bb][\/vc_column_inner][vc_column_inner width=\u00a0\u00bb1\/2&Prime; offset=\u00a0\u00bbvc_col-lg-3 vc_col-md-3 vc_col-xs-12&Prime;]<div class=\"gt-eventchamp-service-box gt-style-1 gt-align-center\"><div class=\"gt-icon\"><i class=\"fab fa-readme\"><\/i><\/div><div class=\"gt-title\">Conf\u00e9rences techniques sur des th\u00e8mes d\u2019actualit\u00e9<\/div><\/div>[\/vc_column_inner][vc_column_inner width=\u00a0\u00bb1\/2&Prime; offset=\u00a0\u00bbvc_col-lg-3 vc_col-md-3 vc_col-xs-12&Prime;]<div class=\"gt-eventchamp-service-box gt-style-1 gt-align-center\"><div class=\"gt-icon\"><i class=\"fab fa-searchengin\"><\/i><\/div><div class=\"gt-title\">Recherche et l&#039;innovation<\/div><\/div>[vc_empty_space height=\u00a0\u00bb30px\u00a0\u00bb][\/vc_column_inner][vc_column_inner width=\u00a0\u00bb1\/2&Prime; offset=\u00a0\u00bbvc_col-lg-3 vc_col-md-3 vc_col-xs-12&Prime;]<div class=\"gt-eventchamp-service-box gt-style-1 gt-align-center\"><div class=\"gt-icon\"><i class=\"fas fa-user-tie\"><\/i><\/div><div class=\"gt-title\">Scientifiques et professionnels<\/div><\/div>[vc_empty_space height=\u00a0\u00bb30px\u00a0\u00bb][\/vc_column_inner][\/vc_row_inner][\/vc_column][vc_column offset=\u00a0\u00bbvc_col-lg-1 vc_col-md-1 vc_col-xs-12&Prime;][\/vc_column][\/vc_row][vc_row full_width=\u00a0\u00bbstretch_row\u00a0\u00bb css=\u00a0\u00bb.vc_custom_1599820783199{padding-bottom: 30px !important;background-color: #f9f9f9 !important;}\u00a0\u00bb][vc_column offset=\u00a0\u00bbvc_col-lg-1 vc_col-md-1 vc_col-xs-12&Prime;][\/vc_column][vc_column offset=\u00a0\u00bbvc_col-lg-10 vc_col-md-10 vc_col-xs-12&Prime;][vc_row_inner][vc_column_inner]<div class=\"gt-heading gt-dark gt-size1 gt-align-left\"><div class=\"gt-title\">Maladies de la vigne<\/div><\/div>[vc_empty_space height=\u00a0\u00bb15px\u00a0\u00bb][vc_column_text]On sait la gravit\u00e9 de la situation de la profession face \u00e0 la recrudescence de certaines maladies de la vigne alors que dans un m\u00eame temps, de nombreux produits phytosanitaires viennent ou vont \u00eatre interdits. D\u00e8s sa naissance, l\u2019Association s\u2019est, la premi\u00e8re, consacr\u00e9e au soutien de tr\u00e8s grands programmes financ\u00e9s par la Commission Europ\u00e9enne tel ceux concernant les maladies du bois, l\u2019Eutypiose (2 Millions \u20ac ) puis l\u2019 ESCA (1,5 M \u20ac).<\/p>\n<p>La r\u00e9duction des pesticides est \u00e9galement un de nos principaux objectifs en particulier par l\u2019\u00e9tude des maladies qui n\u00e9cessitent les traitements les plus lourds tels le Botrytis, le Mildiou et l\u2019O\u00efdium (rappelons qu\u2019au total 130 000 tonnes\/an de produits phytosanitaires sont utilis\u00e9s en Europe). Il y a quelques ann\u00e9es l\u2019association a initi\u00e9 et financ\u00e9 une coordination internationale des recherches sur l\u2019O\u00efdium et le Botrytis. A l\u2019heure actuelle un important projet de recherche fondamentale est en cours en France pour analyser les d\u00e9fenses naturelles de la vigne face \u00e0 ces trois maladies.<\/p>\n<p>En 2012 et 2013 le th\u00e8me \u00ab\u00a0R\u00e9duction des intrants\u00a0\u00bb et en 2014 \u00ab\u00a0Maladies viticoles en impasse\u00a0\u00bb ont soulign\u00e9 les difficult\u00e9s de contr\u00f4ler ces maladies face aux contraintes grandissantes des l\u00e9gislations sur les pesticides.<\/p>\n<h3>G\u00e9nomique de la vigne<\/h3>\n<p>En 2005 \u00e0 l\u2019incitation de notre Association une r\u00e9union nationale avait r\u00e9uni les centres de recherche de l\u2019INRA dans les bureaux du CNIVE pour d\u00e9finir les voies d\u2019application du r\u00e9cent s\u00e9quen\u00e7age du g\u00e9nome de la vigne. Les premiers r\u00e9sultats de ces recherches d\u2019importance majeure pour l\u2019avenir de notre fili\u00e8re ont \u00e9t\u00e9 pr\u00e9sent\u00e9s en mars 2009 au cours de notre Assembl\u00e9e Annuelle.<\/p>\n<h3>Maturation de la baie<\/h3>\n<p>Plus r\u00e9cemment c\u2019est autour de la toujours difficile fixation de la date de vendange que l\u2019association s\u2019est mobilis\u00e9e tant au plan fondamental qu\u2019appliqu\u00e9 en se fixant 2 objectifs :<\/p>\n<p>1 \u2013 Un objectif fondamental : Mieux comprendre le ph\u00e9nom\u00e8ne maturation. En 2003 notre projet de r\u00e9seau de recherche coordonn\u00e9e concernant le D\u00e9veloppement et Maturation de la Baie de Raisin a obtenu le soutien financier de l\u2019Union Europ\u00e9enne et d\u00e8s \u00e0 pr\u00e9sent r\u00e9unit les chercheurs de 14 pays europ\u00e9ens.<\/p>\n<p>2 \u2013 Un objectif industriel : cr\u00e9er de nouveaux outils utilisables au vignoble. Ainsi fin d\u00e9cembre 2004 notre projet \u00ab\u00a0Nouveaux outils pour l\u2019optimisation au vignoble de la maturation\u00a0\u00bb a ouvert la voie \u00e0 2 nouveaux marqueurs g\u00e9nomiques de maturation pour le c\u00e9page Chardonnay qu\u2019il faut maintenant transformer en outils accessibles applicables \u00e0 la gestion du vignoble.<\/p>\n<h3>Vin et sant\u00e9<\/h3>\n<p>D\u00e8s le d\u00e9but des ann\u00e9es 1990 est imm\u00e9diatement apparue l\u2019importance commerciale pour notre profession des travaux scientifiques engag\u00e9s sur le th\u00e8me Vin et Sant\u00e9. Ce fut le cas, en particulier de l\u2019apport tr\u00e8s positif pour la fili\u00e8re du succ\u00e8s international du french paradox mis en \u00e9vidence par le Pr Serge RENAUD concernant l\u2019effet du vin sur les maladies cardiovasculaires .<\/p>\n<p>Aussi en association avec le COREVI l\u2019association s\u2019est attach\u00e9 \u00e0 soutenir en permanence l\u2019effort des chercheurs dans ce domaine. Tout r\u00e9cemment les r\u00e9sultats d\u2019un nouveau programme de recherche sur le th\u00e8me Alcools et Cancers pris en charge par Mme Dominique LANZMANN, successeur de Serge RENAUD, sont venus conforter l\u2019int\u00e9r\u00eat d\u2019une consommation mod\u00e9r\u00e9e de vin pour une r\u00e9duction des risques de plusieurs cancers.<\/p>\n<h3>Marketing et economie<\/h3>\n<p>Nous avons abord\u00e9 d\u00e8s 2005 les questions concernant le marketing du vin, son commerce et son \u00e9conomie qui sont des secteurs d\u00e9terminants int\u00e9ressant notre association. En mars 2008 la conf\u00e9rence \u00ab Strat\u00e9gies d\u2019acc\u00e8s aux grands march\u00e9s internationaux du Vin \u00bb a trait\u00e9 des relations entre Marques et D\u00e9nominations ainsi que des strat\u00e9gies \u00e0 l\u2019exportation des grandes entreprises vinicoles.[\/vc_column_text][\/vc_column_inner][\/vc_row_inner][\/vc_column][vc_column offset=\u00a0\u00bbvc_col-lg-1 vc_col-md-1 vc_col-xs-12&Prime;][\/vc_column][\/vc_row][vc_row css=\u00a0\u00bb.vc_custom_1599820735775{padding-top: 30px !important;background-color: #ffffff !important;background-position: center !important;background-repeat: no-repeat !important;background-size: cover !important;}\u00a0\u00bb][vc_column offset=\u00a0\u00bbvc_col-lg-1 vc_col-md-1 vc_col-xs-12&Prime;][\/vc_column][vc_column offset=\u00a0\u00bbvc_col-lg-10 vc_col-md-10 vc_col-xs-12&Prime;]<div class=\"gt-heading gt-dark gt-size1 gt-align-left\"><div class=\"gt-title\">Les rendez-vous de l\u2019association<\/div><\/div>[vc_empty_space height=\u00a0\u00bb15px\u00a0\u00bb][vc_column_text]Une assembl\u00e9e pl\u00e9ni\u00e8re annuelle permet aux membres de faire le point des r\u00e9alisations, de d\u00e9cider des futurs th\u00e8mes d\u2019action. Elles sont aussi l\u2019occasion de conf\u00e9rences techniques sur des th\u00e8mes d\u2019actualit\u00e9. Le th\u00e8me retenu pour la p\u00e9riode 2015\/2016 concerne la d\u00e9finition, l\u2019analyse et le pilotage de la qualit\u00e9 des vins. Les derniers th\u00e8mes concernaient les maladies viticoles en impasse, la viticulture de pr\u00e9cision, la r\u00e9duction des intrants viticoles, l\u2019\u00e9volution des pratiques \u0153nologiques. Plusieurs questions strat\u00e9giques d\u00e9j\u00e0 cit\u00e9es, g\u00e9nomique, maturation, sant\u00e9 humaine, march\u00e9, ect\u2026 qui r\u00e9pondent \u00e0 la n\u00e9cessit\u00e9 d\u2019une \u00e9volution permanente des technologies dans notre m\u00e9tier ont fait l\u2019objet de d\u00e9bats approfondis.<\/p>\n<p>Un atelier \u00e0 l\u2019automne r\u00e9unit les scientifiques pour faire la synth\u00e8se des travaux concernant le th\u00e8me de l\u2019ann\u00e9e.[\/vc_column_text][vc_row_inner][vc_column_inner width=\u00a0\u00bb1\/2&Prime;][vc_column_text]<\/p>\n<h3>Qui participe ?<\/h3>\n<p>A ce jour Lien de la Vigne est une association multinationale ind\u00e9pendante, sans attache nationale ou industrielle : elle constitue un terrain neutre, source privil\u00e9gi\u00e9e de propositions et l\u2019organisation d\u2019actions concert\u00e9es techniques ou commerciales sur des th\u00e8mes \u00e0 caract\u00e8re strat\u00e9gique pour la profession. Pour ses travaux , l\u2019Association s\u2019efforce de ne pas reprendre des th\u00e8mes d\u00e9j\u00e0 suivis par ailleurs.<\/p>\n<p>L\u2019association r\u00e9unit 106 membres et 250 associ\u00e9s de 25 nationalit\u00e9s, r\u00e9partis en 2 coll\u00e8ges :<\/p>\n<p>\u2013 Tout d\u2019abord un coll\u00e8ge de scientifiques publics pour accompagner la mise en \u0153uvre des programmes et venus entre autres des INRA de Bordeaux, Montpellier, Colmar, Angers, des universit\u00e9s de Poitiers, Bordeaux, Dijon, Reims en France, Milan, Bari, Anc\u00f4ne, en Italie, Madrid et Saragosse en Espagne, Cornell et Davis aux Etats-Unis, des stations de recherche vitivinicoles telles Geilweilerhof en Allemagne ou Changins en Suisse, des instituts de recherche sp\u00e9cialis\u00e9s dans le m\u00e9tier comme le GWRDC en Australie, l\u2019Agroscope en Suisse, l\u2019American Vineyard Foundation aux Etats-Unis.<\/p>\n<p>\u2013 Ensuite un coll\u00e8ge de professionnels soutenant cette activit\u00e9 et garants de l\u2019ind\u00e9pendance de l\u2019association pour d\u00e9finir les probl\u00e8mes prioritaires de la profession : citons entre autres Schenk (Suisse), Zonin, Antinori(Italie), Freixenet, Torres (Espagne), Amorim (Portugal), R.Mondavi, Gallo (Etats-Unis), Hennessy, Mo\u00ebt et Chandon, Vaslin-Bucher, Pernod Ricard, Roederer, ainsi que les centres interprofessionnels de Champagne (CIVC), de Cognac (BNIC) et Interloire (France)\u2026<\/p>\n<p>En 2016 nous ont rejoint les soci\u00e9t\u00e9s italiennes : Ruffino, Vivai Rauscedo, Bolla, et en France : Cesbron, Fruition Sciences, Qualiplante.[\/vc_column_text][\/vc_column_inner][vc_column_inner width=\u00a0\u00bb1\/2&Prime;][vc_empty_space height=\u00a0\u00bb65px\u00a0\u00bb][vc_single_image image=\u00a0\u00bb3893&Prime; img_size=\u00a0\u00bbfull\u00a0\u00bb][vc_column_text]<\/p>\n<h3>Adh\u00e9sions<\/h3>\n<p>La cotisation annuelle des membres priv\u00e9s est fix\u00e9e \u00e0 950 euros et \u00e0 250 euros (pour les CA inf\u00e9rieurs \u00e0 10 millions d\u2019euros), celle des membres publics est gratuite.<\/p>\n<p>Pour adh\u00e9rer, merci de <a class=\"btn-link\" href=\"https:\/\/www.liendelavigne.org\/fr\/nous-contacter\/\">cliquer ici<\/a>[\/vc_column_text][\/vc_column_inner][\/vc_row_inner][vc_empty_space][\/vc_column][vc_column offset=\u00a0\u00bbvc_col-lg-1 vc_col-md-1 vc_col-xs-12&Prime;][\/vc_column][\/vc_row]<\/p>\n","protected":false},"excerpt":{"rendered":"<p>[vc_row css=\u00a0\u00bb.vc_custom_1599819962322{background-color: #ffffff !important;}\u00a0\u00bb][vc_column offset=\u00a0\u00bbvc_col-lg-1 vc_col-md-1 vc_col-xs-12&Prime;][\/vc_column][vc_column offset=\u00a0\u00bbvc_col-lg-10 vc_col-md-10 vc_col-xs-12&Prime;][vc_empty_space height=\u00a0\u00bb55px\u00a0\u00bb][vc_row_inner css=\u00a0\u00bb.vc_custom_1599820596604{padding-bottom: 30px !important;}\u00a0\u00bb][vc_column_inner width=\u00a0\u00bb1\/2&Prime;][vc_column_text]L\u2019Association Lien de la vigne (VINELINK INTERNATIONAL), b\u00e2tie sur le principe d\u2019une mise en commun de l\u2019effort innovateur est d\u2019abord un lieu d\u2019\u00e9changes, un laboratoire de&#8230;<\/p>\n","protected":false},"author":3,"featured_media":0,"parent":0,"menu_order":0,"comment_status":"closed","ping_status":"closed","template":"","meta":{"_bbp_topic_count":0,"_bbp_reply_count":0,"_bbp_total_topic_count":0,"_bbp_total_reply_count":0,"_bbp_voice_count":0,"_bbp_anonymous_reply_count":0,"_bbp_topic_count_hidden":0,"_bbp_reply_count_hidden":0,"_bbp_forum_subforum_count":0},"yoast_head":"<!-- This site is optimized with the Yoast SEO plugin v15.3 - https:\/\/yoast.com\/wordpress\/plugins\/seo\/ -->\n<title>Qui Sommes Nous - Lien de la vigne - Vinelink International<\/title>\n<meta name=\"robots\" content=\"index, follow, max-snippet:-1, max-image-preview:large, max-video-preview:-1\" \/>\n<link rel=\"canonical\" href=\"https:\/\/www.liendelavigne.org\/fr\/qui-sommes-nous\/\" \/>\n<meta property=\"og:locale\" content=\"fr_FR\" \/>\n<meta property=\"og:type\" content=\"article\" \/>\n<meta property=\"og:title\" content=\"Qui Sommes Nous - Lien de la vigne - Vinelink International\" \/>\n<meta property=\"og:description\" content=\"[vc_row css=\u00a0\u00bb.vc_custom_1599819962322{background-color: #ffffff !important;}\u00a0\u00bb][vc_column offset=\u00a0\u00bbvc_col-lg-1 vc_col-md-1 vc_col-xs-12&Prime;][\/vc_column][vc_column offset=\u00a0\u00bbvc_col-lg-10 vc_col-md-10 vc_col-xs-12&Prime;][vc_empty_space height=\u00a0\u00bb55px\u00a0\u00bb][vc_row_inner css=\u00a0\u00bb.vc_custom_1599820596604{padding-bottom: 30px !important;}\u00a0\u00bb][vc_column_inner width=\u00a0\u00bb1\/2&Prime;][vc_column_text]L\u2019Association Lien de la vigne (VINELINK INTERNATIONAL), b\u00e2tie sur le principe d\u2019une mise en commun de l\u2019effort innovateur est d\u2019abord un lieu d\u2019\u00e9changes, un laboratoire de...\" \/>\n<meta property=\"og:url\" content=\"https:\/\/www.liendelavigne.org\/fr\/qui-sommes-nous\/\" \/>\n<meta property=\"og:site_name\" content=\"Lien de la vigne - Vinelink International\" \/>\n<meta property=\"article:modified_time\" content=\"2021-01-08T07:01:51+00:00\" \/>\n<meta name=\"twitter:card\" content=\"summary_large_image\" \/>\n<meta name=\"twitter:label1\" content=\"\u00c9crit par\">\n\t<meta name=\"twitter:data1\" content=\"nashvin\">\n\t<meta name=\"twitter:label2\" content=\"Dur\u00e9e de lecture est.\">\n\t<meta name=\"twitter:data2\" content=\"9 minutes\">\n<script type=\"application\/ld+json\" class=\"yoast-schema-graph\">{\"@context\":\"https:\/\/schema.org\",\"@graph\":[{\"@type\":\"Organization\",\"@id\":\"https:\/\/www.liendelavigne.org\/fr\/#organization\",\"name\":\"Vinelink\",\"url\":\"https:\/\/www.liendelavigne.org\/fr\/\",\"sameAs\":[],\"logo\":{\"@type\":\"ImageObject\",\"@id\":\"https:\/\/www.liendelavigne.org\/fr\/#logo\",\"inLanguage\":\"fr-FR\",\"url\":\"https:\/\/www.liendelavigne.org\/wp-content\/uploads\/2020\/08\/vinelink_logo.png\",\"width\":2550,\"height\":1579,\"caption\":\"Vinelink\"},\"image\":{\"@id\":\"https:\/\/www.liendelavigne.org\/fr\/#logo\"}},{\"@type\":\"WebSite\",\"@id\":\"https:\/\/www.liendelavigne.org\/fr\/#website\",\"url\":\"https:\/\/www.liendelavigne.org\/fr\/\",\"name\":\"Lien de la vigne - Vinelink International\",\"description\":\"Innovations dans la fili\\u00e8re vininternationale\",\"publisher\":{\"@id\":\"https:\/\/www.liendelavigne.org\/fr\/#organization\"},\"potentialAction\":[{\"@type\":\"SearchAction\",\"target\":\"https:\/\/www.liendelavigne.org\/fr\/?s={search_term_string}\",\"query-input\":\"required name=search_term_string\"}],\"inLanguage\":\"fr-FR\"},{\"@type\":\"WebPage\",\"@id\":\"https:\/\/www.liendelavigne.org\/fr\/qui-sommes-nous\/#webpage\",\"url\":\"https:\/\/www.liendelavigne.org\/fr\/qui-sommes-nous\/\",\"name\":\"Qui Sommes Nous - Lien de la vigne - Vinelink International\",\"isPartOf\":{\"@id\":\"https:\/\/www.liendelavigne.org\/fr\/#website\"},\"datePublished\":\"2020-08-28T12:23:22+00:00\",\"dateModified\":\"2021-01-08T07:01:51+00:00\",\"inLanguage\":\"fr-FR\",\"potentialAction\":[{\"@type\":\"ReadAction\",\"target\":[\"https:\/\/www.liendelavigne.org\/fr\/qui-sommes-nous\/\"]}]}]}<\/script>\n<!-- \/ Yoast SEO plugin. -->","_links":{"self":[{"href":"https:\/\/www.liendelavigne.org\/fr\/wp-json\/wp\/v2\/pages\/3754"}],"collection":[{"href":"https:\/\/www.liendelavigne.org\/fr\/wp-json\/wp\/v2\/pages"}],"about":[{"href":"https:\/\/www.liendelavigne.org\/fr\/wp-json\/wp\/v2\/types\/page"}],"author":[{"embeddable":true,"href":"https:\/\/www.liendelavigne.org\/fr\/wp-json\/wp\/v2\/users\/3"}],"replies":[{"embeddable":true,"href":"https:\/\/www.liendelavigne.org\/fr\/wp-json\/wp\/v2\/comments?post=3754"}],"version-history":[{"count":109,"href":"https:\/\/www.liendelavigne.org\/fr\/wp-json\/wp\/v2\/pages\/3754\/revisions"}],"predecessor-version":[{"id":5138,"href":"https:\/\/www.liendelavigne.org\/fr\/wp-json\/wp\/v2\/pages\/3754\/revisions\/5138"}],"wp:attachment":[{"href":"https:\/\/www.liendelavigne.org\/fr\/wp-json\/wp\/v2\/media?parent=3754"}],"curies":[{"name":"wp","href":"https:\/\/api.w.org\/{rel}","templated":true}]}}